{"id":12,"date":"2012-11-16T13:25:08","date_gmt":"2012-11-16T12:25:08","guid":{"rendered":"http:\/\/eduok.pl\/?page_id=12"},"modified":"2025-02-20T17:50:33","modified_gmt":"2025-02-20T16:50:33","slug":"oferta","status":"publish","type":"page","link":"https:\/\/eduok.pl\/index.php\/oferta\/","title":{"rendered":"Oferta"},"content":{"rendered":"\n<p class=\"has-senary-color has-text-color has-link-color wp-elements-66e2c250fcdec528e83678e39bce5cb9\">Proponujemy zar\u00f3wno tematy szkole\u0144, w kt\u00f3rych mamy najwi\u0119ksze do\u015bwiadczenie (<a href=\"http:\/\/eduok.pl\/doswiadczenie\/\">zobacz<\/a>), jak i skorzystanie z bie\u017c\u0105cej oferty trening\u00f3w, kt\u00f3re obejmuj\u0105:<\/p>\n\n\n\n<ul class=\"wp-block-list\">\n<li>Zarz\u0105dzanie finansami domowymi. Tworzenie i realizacja bud\u017cetu domowego (<a href=\"http:\/\/eduok.pl\/index.php\/zarzadzanie-finansami-tworzenie-i-realizacja-budzetu-domowego\/\">sprawd\u017a ofert\u0119<\/a>),<\/li>\n\n\n\n<li>Trening kreatywno\u015bci (<a href=\"http:\/\/eduok.pl\/index.php\/trening-kreatywnosci\/\">sprawd\u017a ofert\u0119<\/a>),<\/li>\n\n\n\n<li>Rozwi\u0105zywanie problem\u00f3w i podejmowanie decyzji (<a href=\"http:\/\/eduok.pl\/index.php\/rozwiazywanie-problemow-i-podejmowanie-decyzji\/\">sprawd\u017a ofert\u0119<\/a>),<\/li>\n\n\n\n<li>Zorientowanie na osi\u0105gni\u0119cia (<a href=\"http:\/\/eduok.pl\/index.php\/zorientowanie-na-osiagniecia\/\">sprawd\u017a ofert\u0119<\/a>),<\/li>\n\n\n\n<li>Kurs trenerski (T4T) \u2013 prowadzenie zaj\u0119\u0107 metodami aktywizuj\u0105cymi (<a href=\"http:\/\/eduok.pl\/index.php\/kurs-trenerski-t4t-prowadzenie-zajec-metodami-aktywizujacymi\/\">sprawd\u017a ofert\u0119<\/a>).<\/li>\n<\/ul>\n\n\n\n<p>Potrzebujesz czego\u015b niestandardowego? Masz szczeg\u00f3lne wymagania? Przedstaw nam swoje potrzeby, a zaplanujemy\/zaprojektujemy szkolenie specjalnie dla Ciebie.<\/p>\n\n\n\n<p>Je\u015bli chodzi Ci o:<\/p>\n\n\n\n<ul class=\"wp-block-list\">\n<li>konkretny temat szkolenia,<\/li>\n\n\n\n<li>realizacj\u0119 szkolenia w niestandardowym wymiarze czasu,<\/li>\n\n\n\n<li>szkolenia wyjazdowe i\/lub integracyjne,<\/li>\n\n\n\n<li>indywidualne zaj\u0119cia dla pojedynczych pracownik\u00f3w, jak i ca\u0142ego dzia\u0142u firmy,<\/li>\n\n\n\n<li>szkolenia dla top managementu,<\/li>\n\n\n\n<li>wsparcie w zakresie zarz\u0105dzania zasobami ludzkimi,<\/li>\n\n\n\n<li>b\u0105d\u017a jakiekolwiek inne\u2026<\/li>\n<\/ul>\n\n\n\n<p class=\"has-senary-color has-text-color has-link-color wp-elements-c905151900e644b9bc9b59092b388c18\">\u2026wystarczy, \u017ce &nbsp;<a href=\"http:\/\/eduok.pl\/kontakt\/\">skontaktujesz si\u0119 z nami<\/a>.&nbsp; Wsp\u00f3lnie stworzymy szkolenie, kt\u00f3rego Ci trzeba!<\/p>\n","protected":false},"excerpt":{"rendered":"<p>Proponujemy zar\u00f3wno tematy szkole\u0144, w kt\u00f3rych mamy najwi\u0119ksze do\u015bwiadczenie (zobacz), jak i skorzystanie z bie\u017c\u0105cej oferty trening\u00f3w, kt\u00f3re obejmuj\u0105: Potrzebujesz czego\u015b niestandardowego? Masz szczeg\u00f3lne wymagania? Przedstaw nam swoje potrzeby, a zaplanujemy\/zaprojektujemy szkolenie specjalnie dla Ciebie. Je\u015bli chodzi Ci o: \u2026wystarczy, \u017ce &nbsp;skontaktujesz si\u0119 z nami.&nbsp; Wsp\u00f3lnie stworzymy szkolenie, kt\u00f3rego Ci trzeba!<\/p>\n","protected":false},"author":1,"featured_media":0,"parent":0,"menu_order":0,"comment_status":"open","ping_status":"open","template":"","meta":{"footnotes":""},"class_list":["post-12","page","type-page","status-publish","hentry"],"_links":{"self":[{"href":"https:\/\/eduok.pl\/index.php\/wp-json\/wp\/v2\/pages\/12","targetHints":{"allow":["GET"]}}],"collection":[{"href":"https:\/\/eduok.pl\/index.php\/wp-json\/wp\/v2\/pages"}],"about":[{"href":"https:\/\/eduok.pl\/index.php\/wp-json\/wp\/v2\/types\/page"}],"author":[{"embeddable":true,"href":"https:\/\/eduok.pl\/index.php\/wp-json\/wp\/v2\/users\/1"}],"replies":[{"embeddable":true,"href":"https:\/\/eduok.pl\/index.php\/wp-json\/wp\/v2\/comments?post=12"}],"version-history":[{"count":15,"href":"https:\/\/eduok.pl\/index.php\/wp-json\/wp\/v2\/pages\/12\/revisions"}],"predecessor-version":[{"id":261,"href":"https:\/\/eduok.pl\/index.php\/wp-json\/wp\/v2\/pages\/12\/revisions\/261"}],"wp:attachment":[{"href":"https:\/\/eduok.pl\/index.php\/wp-json\/wp\/v2\/media?parent=12"}],"curies":[{"name":"wp","href":"https:\/\/api.w.org\/{rel}","templated":true}]}}