{"id":16,"date":"2012-12-14T13:48:41","date_gmt":"2012-12-14T12:48:41","guid":{"rendered":"http:\/\/eduok.pl\/?page_id=16"},"modified":"2025-02-20T18:27:53","modified_gmt":"2025-02-20T17:27:53","slug":"kontakt","status":"publish","type":"page","link":"https:\/\/eduok.pl\/index.php\/kontakt\/","title":{"rendered":"Kontakt"},"content":{"rendered":"\n<h2 class=\"wp-block-heading\">Zapraszamy do wsp\u00f3\u0142pracy!<\/h2>\n\n\n\n<p>Masz pytania dotycz\u0105ce szkole\u0144 i trening\u00f3w lub chcia\u0142aby\u015b\/chcia\u0142by\u015b uzyska\u0107 wi\u0119cej informacji w obszarach oferowanego wsparcia? Skontaktuj si\u0119 z nami, a&nbsp;odpowiemy na Twoje pytania.<\/p>\n\n\n\n<p>Napisz do nas ju\u017c teraz na\u00a0<a href=\"mailto:eduok@eduok.pl\">eduok@eduok.pl<\/a><strong> <\/strong>lub zadzwo\u0144 0048 603 369 099<\/p>\n\n\n\n<p>EduOK treningi szkolenia\u00a0Damian Hamerla<\/p>\n\n\n\n<p>NIP: 6272336757<br>REGON: 242837905<br><br>Numer w Rejestrze Instytucji Szkoleniowych:<br>2.24\/00150\/2018<\/p>\n","protected":false},"excerpt":{"rendered":"<p>Zapraszamy do wsp\u00f3\u0142pracy! Masz pytania dotycz\u0105ce szkole\u0144 i trening\u00f3w lub chcia\u0142aby\u015b\/chcia\u0142by\u015b uzyska\u0107 wi\u0119cej informacji w obszarach oferowanego wsparcia? Skontaktuj si\u0119 z nami, a&nbsp;odpowiemy na Twoje pytania. Napisz do nas ju\u017c teraz na\u00a0eduok@eduok.pl lub zadzwo\u0144 0048 603 369 099 EduOK treningi szkolenia\u00a0Damian Hamerla NIP: 6272336757REGON: 242837905 Numer w Rejestrze Instytucji Szkoleniowych:2.24\/00150\/2018<\/p>\n","protected":false},"author":1,"featured_media":0,"parent":0,"menu_order":0,"comment_status":"open","ping_status":"open","template":"","meta":{"footnotes":""},"class_list":["post-16","page","type-page","status-publish","hentry"],"_links":{"self":[{"href":"https:\/\/eduok.pl\/index.php\/wp-json\/wp\/v2\/pages\/16","targetHints":{"allow":["GET"]}}],"collection":[{"href":"https:\/\/eduok.pl\/index.php\/wp-json\/wp\/v2\/pages"}],"about":[{"href":"https:\/\/eduok.pl\/index.php\/wp-json\/wp\/v2\/types\/page"}],"author":[{"embeddable":true,"href":"https:\/\/eduok.pl\/index.php\/wp-json\/wp\/v2\/users\/1"}],"replies":[{"embeddable":true,"href":"https:\/\/eduok.pl\/index.php\/wp-json\/wp\/v2\/comments?post=16"}],"version-history":[{"count":18,"href":"https:\/\/eduok.pl\/index.php\/wp-json\/wp\/v2\/pages\/16\/revisions"}],"predecessor-version":[{"id":276,"href":"https:\/\/eduok.pl\/index.php\/wp-json\/wp\/v2\/pages\/16\/revisions\/276"}],"wp:attachment":[{"href":"https:\/\/eduok.pl\/index.php\/wp-json\/wp\/v2\/media?parent=16"}],"curies":[{"name":"wp","href":"https:\/\/api.w.org\/{rel}","templated":true}]}}