{"id":164,"date":"2025-02-18T16:54:35","date_gmt":"2025-02-18T15:54:35","guid":{"rendered":"https:\/\/eduok.pl\/index.php\/?page_id=164"},"modified":"2026-04-14T21:40:33","modified_gmt":"2026-04-14T19:40:33","slug":"projekt-aktywna-integracja-bytomska-reaktywacja","status":"publish","type":"page","link":"https:\/\/eduok.pl\/index.php\/projekt-aktywna-integracja-bytomska-reaktywacja\/","title":{"rendered":"Projekt &#8222;Aktywna Integracja &amp; Bytomska Reaktywacja&#8221;"},"content":{"rendered":"\n<figure class=\"wp-block-image size-large\"><a href=\"https:\/\/eduok.pl\/wp-content\/uploads\/2025\/02\/plakat-inicjatywa.jpg\"><img loading=\"lazy\" decoding=\"async\" width=\"1024\" height=\"724\" src=\"https:\/\/eduok.pl\/wp-content\/uploads\/2025\/02\/plakat-inicjatywa-1024x724.jpg\" alt=\"Plakat informacyjny zawieraj\u0105cy informacje o dofinansowaniu projektu z UE. \" class=\"wp-image-165\" srcset=\"https:\/\/eduok.pl\/wp-content\/uploads\/2025\/02\/plakat-inicjatywa-1024x724.jpg 1024w, https:\/\/eduok.pl\/wp-content\/uploads\/2025\/02\/plakat-inicjatywa-300x212.jpg 300w, https:\/\/eduok.pl\/wp-content\/uploads\/2025\/02\/plakat-inicjatywa-768x543.jpg 768w, https:\/\/eduok.pl\/wp-content\/uploads\/2025\/02\/plakat-inicjatywa-1536x1086.jpg 1536w, https:\/\/eduok.pl\/wp-content\/uploads\/2025\/02\/plakat-inicjatywa.jpg 1600w\" sizes=\"auto, (max-width: 1024px) 100vw, 1024px\" \/><\/a><\/figure>\n\n\n\n<p>Celem projektu jest przywr\u00f3cenie mo\u017cliwo\u015bci lub zdolno\u015bci uzyskania zatrudnienia lub innej formy aktywno\u015bci spo\u0142ecznej, rozwini\u0119cie lub wzmocnienie samodzielno\u015bci \u017cyciowej i spo\u0142ecznej oraz zapobieganie procesom ub\u00f3stwa, marginalizacji i wykluczenia spo\u0142ecznego&nbsp;<strong>300 os\u00f3b<\/strong>&nbsp;(280K i 20 M) zagro\u017conych ub\u00f3stwem lub wykluczeniem spo\u0142ecznym poprzez udzia\u0142 w dzia\u0142aniach aktywnej integracji o charakterze spo\u0142ecznym. zawodowym, zdrowotnym i edukacyjnym w okresie&nbsp;<strong>1.01.2025 &#8211; 31.12.2027 (36 miesi\u0119cy)<\/strong> na rzecz mieszka\u0144c\u00f3w gminy Bytom.<\/p>\n\n\n\n<p>Dzia\u0142ania w projekcie realizowane b\u0119d\u0105 przez Lidera &#8211; Fundacj\u0119 INICJATYWA(FI) oraz Partnera &#8211; Damian Hamerla EduOK (DH) . W ramach projektu przewidziano zrekrutowanie 300 UP i przeprowadzenie z nimi procesu reintegracji spo\u0142eczno &#8211; zawodowej w oparciu o ustalon\u0105 \u015bcie\u017ck\u0119 indywidualn\u0105 w ramach kt\u00f3rej przewidziano&nbsp; formy wsparcia dopasowane do indywidualnych potrzeb ka\u017cdego z&nbsp; uczestnika.<\/p>\n\n\n\n<p>#FunduszeEuropejskie<\/p>\n\n\n\n<p>W ramach projektu zaplanowano:<\/p>\n\n\n\n<div class=\"wp-block-file\"><a id=\"wp-block-file--media-63782294-a6f6-41bc-8411-16229105985f\" href=\"https:\/\/eduok.pl\/wp-content\/uploads\/2025\/03\/zadania-1742116545.pdf\" target=\"_blank\" rel=\"noreferrer noopener\">Opis zada\u0144 w projekcie<\/a><a href=\"https:\/\/eduok.pl\/wp-content\/uploads\/2025\/03\/zadania-1742116545.pdf\" class=\"wp-block-file__button wp-element-button\" download aria-describedby=\"wp-block-file--media-63782294-a6f6-41bc-8411-16229105985f\">Pobierz<\/a><\/div>\n\n\n\n<div class=\"wp-block-file\"><a id=\"wp-block-file--media-3747593e-c1e7-4595-aebb-cb7e120ed905\" href=\"https:\/\/eduok.pl\/wp-content\/uploads\/2025\/03\/efekty-1742116568.pdf\" target=\"_blank\" rel=\"noreferrer noopener\">Opis efekt\u00f3w\/ rezultat\u00f3w projektu<\/a><a href=\"https:\/\/eduok.pl\/wp-content\/uploads\/2025\/03\/efekty-1742116568.pdf\" class=\"wp-block-file__button wp-element-button\" download aria-describedby=\"wp-block-file--media-3747593e-c1e7-4595-aebb-cb7e120ed905\">Pobierz<\/a><\/div>\n\n\n\n<p>Mo\u017cesz te\u017c dokona\u0107 szybkiego zg\u0142oszenia do projektu: <a href=\"https:\/\/docs.google.com\/forms\/d\/e\/1FAIpQLSf3tmz5TKq-rttB_KVMLl5PsNZG63tVetG_HO0beukWUjygUQ\/viewform?usp=sf_link\">WYPE\u0141NIJ ZG\u0141OSZNIE ONLINE<\/a><\/p>\n\n\n\n<figure class=\"wp-block-image size-large\"><a href=\"https:\/\/eduok.pl\/wp-content\/uploads\/2025\/07\/Projekt-Bytom-JPG.png\"><img loading=\"lazy\" decoding=\"async\" width=\"724\" height=\"1024\" src=\"https:\/\/eduok.pl\/wp-content\/uploads\/2025\/07\/Projekt-Bytom-JPG-724x1024.png\" alt=\"Plakat informacyjny zawieraj\u0105cy podstawowe informacje o realizacji projketu.\" class=\"wp-image-379\" srcset=\"https:\/\/eduok.pl\/wp-content\/uploads\/2025\/07\/Projekt-Bytom-JPG-724x1024.png 724w, https:\/\/eduok.pl\/wp-content\/uploads\/2025\/07\/Projekt-Bytom-JPG-212x300.png 212w, https:\/\/eduok.pl\/wp-content\/uploads\/2025\/07\/Projekt-Bytom-JPG-768x1086.png 768w, https:\/\/eduok.pl\/wp-content\/uploads\/2025\/07\/Projekt-Bytom-JPG-1086x1536.png 1086w, https:\/\/eduok.pl\/wp-content\/uploads\/2025\/07\/Projekt-Bytom-JPG-1448x2048.png 1448w, https:\/\/eduok.pl\/wp-content\/uploads\/2025\/07\/Projekt-Bytom-JPG.png 1587w\" sizes=\"auto, (max-width: 724px) 100vw, 724px\" \/><\/a><\/figure>\n\n\n\n<p>Poni\u017cej dost\u0119pne do pobrania za\u0142\u0105czniki:<\/p>\n\n\n\n<div class=\"wp-block-file\"><a id=\"wp-block-file--media-dc1fe167-4dea-45f8-bf49-5f7bacde0ffa\" href=\"https:\/\/eduok.pl\/wp-content\/uploads\/2025\/07\/Regulamin-rekrutacji-7.2-Wersja-DOC.doc\">Regulamin rekrutacji 7.2 &#8211; Wersja DOC<\/a><a href=\"https:\/\/eduok.pl\/wp-content\/uploads\/2025\/07\/Regulamin-rekrutacji-7.2-Wersja-DOC.doc\" class=\"wp-block-file__button wp-element-button\" download aria-describedby=\"wp-block-file--media-dc1fe167-4dea-45f8-bf49-5f7bacde0ffa\">Pobierz<\/a><\/div>\n\n\n\n<div class=\"wp-block-file\"><a id=\"wp-block-file--media-9e04f7ff-faa7-433a-8932-d97a9edefed9\" href=\"https:\/\/eduok.pl\/wp-content\/uploads\/2025\/07\/Regulamin-rekrutacji-7.2-Wersja-PDF.pdf\">Regulamin rekrutacji 7.2 &#8211; Wersja PDF<\/a><a href=\"https:\/\/eduok.pl\/wp-content\/uploads\/2025\/07\/Regulamin-rekrutacji-7.2-Wersja-PDF.pdf\" class=\"wp-block-file__button wp-element-button\" download aria-describedby=\"wp-block-file--media-9e04f7ff-faa7-433a-8932-d97a9edefed9\">Pobierz<\/a><\/div>\n\n\n\n<div class=\"wp-block-file\"><a id=\"wp-block-file--media-e8e7a0ce-493f-4914-812c-9fe31e23d9d6\" href=\"https:\/\/eduok.pl\/wp-content\/uploads\/2025\/07\/Z.1-Formularz-zgloszeniowy.doc\">Z.1 &#8211; Formularz zg\u0142oszeniowy &#8211; Wersja DOC<\/a><a href=\"https:\/\/eduok.pl\/wp-content\/uploads\/2025\/07\/Z.1-Formularz-zgloszeniowy.doc\" class=\"wp-block-file__button wp-element-button\" download aria-describedby=\"wp-block-file--media-e8e7a0ce-493f-4914-812c-9fe31e23d9d6\">Pobierz<\/a><\/div>\n\n\n\n<div class=\"wp-block-file\"><a id=\"wp-block-file--media-487c7322-3425-4c12-8b99-229afa585da9\" href=\"https:\/\/eduok.pl\/wp-content\/uploads\/2025\/07\/Z.1.2-Klauzula-RODO-aktualizacja.doc\">Z.1.2 &#8211; Klauzula RODO &#8211; Wersja DOC<\/a><a href=\"https:\/\/eduok.pl\/wp-content\/uploads\/2025\/07\/Z.1.2-Klauzula-RODO-aktualizacja.doc\" class=\"wp-block-file__button wp-element-button\" download aria-describedby=\"wp-block-file--media-487c7322-3425-4c12-8b99-229afa585da9\">Pobierz<\/a><\/div>\n\n\n\n<div class=\"wp-block-file\"><a id=\"wp-block-file--media-29fd1b99-d296-4f6b-8e60-c2165ceb2b74\" href=\"https:\/\/eduok.pl\/wp-content\/uploads\/2025\/07\/Z.1.2-Klauzula-RODO-aktualizacja.pdf\" target=\"_blank\" rel=\"noreferrer noopener\">Z.1.2 &#8211; Klauzula RODO &#8211; Wersja PDF<\/a><a href=\"https:\/\/eduok.pl\/wp-content\/uploads\/2025\/07\/Z.1.2-Klauzula-RODO-aktualizacja.pdf\" class=\"wp-block-file__button wp-element-button\" download aria-describedby=\"wp-block-file--media-29fd1b99-d296-4f6b-8e60-c2165ceb2b74\">Pobierz<\/a><\/div>\n\n\n\n<div class=\"wp-block-file\"><a id=\"wp-block-file--media-6280a578-43ea-4d38-a720-c8ff20a3ae40\" href=\"https:\/\/eduok.pl\/wp-content\/uploads\/2026\/02\/Z.2-KI-I-aktualizacja-3.02.26.xlsx\">Z.2 \u2013 Katalog form wsparcia \u2013 Wersja XLSX<\/a><a href=\"https:\/\/eduok.pl\/wp-content\/uploads\/2026\/02\/Z.2-KI-I-aktualizacja-3.02.26.xlsx\" class=\"wp-block-file__button wp-element-button\" download aria-describedby=\"wp-block-file--media-6280a578-43ea-4d38-a720-c8ff20a3ae40\">Pobierz<\/a><\/div>\n\n\n\n<div class=\"wp-block-file\"><a id=\"wp-block-file--media-442c5e3d-38e4-483a-b275-7914c4ffacbd\" href=\"https:\/\/eduok.pl\/wp-content\/uploads\/2026\/02\/Z.2-KI-I-aktualizacja-3.02.26.pdf\" target=\"_blank\" rel=\"noreferrer noopener\">Z.2 \u2013 Katalog form wsparcia \u2013 Wersja PDF<\/a><a href=\"https:\/\/eduok.pl\/wp-content\/uploads\/2026\/02\/Z.2-KI-I-aktualizacja-3.02.26.pdf\" class=\"wp-block-file__button wp-element-button\" download aria-describedby=\"wp-block-file--media-442c5e3d-38e4-483a-b275-7914c4ffacbd\">Pobierz<\/a><\/div>\n\n\n\n<div class=\"wp-block-file\"><a id=\"wp-block-file--media-b05d3255-1a9b-4636-90a5-f0ea830322b8\" href=\"https:\/\/eduok.pl\/wp-content\/uploads\/2025\/03\/wzor-zaswiadczenia-1733474562.pdf\" target=\"_blank\" rel=\"noreferrer noopener\">Druk pomocniczy &#8211; Za\u015bwiadczenie<\/a><a href=\"https:\/\/eduok.pl\/wp-content\/uploads\/2025\/03\/wzor-zaswiadczenia-1733474562.pdf\" class=\"wp-block-file__button wp-element-button\" download aria-describedby=\"wp-block-file--media-b05d3255-1a9b-4636-90a5-f0ea830322b8\">Pobierz<\/a><\/div>\n\n\n\n<p>Poni\u017cej dost\u0119pne s\u0105 harmonogramy form wsparcia w poszczeg\u00f3lnych miesi\u0105cach realizacji projektu:<\/p>\n\n\n\n<div class=\"wp-block-file\"><a id=\"wp-block-file--media-c09d0a80-1e62-4114-a596-07c5137c6f0f\" href=\"https:\/\/eduok.pl\/wp-content\/uploads\/2025\/03\/luty-1740776787.pdf\" target=\"_blank\" rel=\"noreferrer noopener\">1. HARMONOGRAM &#8211; LUTY 2025<\/a><a href=\"https:\/\/eduok.pl\/wp-content\/uploads\/2025\/03\/luty-1740776787.pdf\" class=\"wp-block-file__button wp-element-button\" download aria-describedby=\"wp-block-file--media-c09d0a80-1e62-4114-a596-07c5137c6f0f\">Pobierz<\/a><\/div>\n\n\n\n<div class=\"wp-block-file\"><a id=\"wp-block-file--media-1061dd0a-3b09-4fbd-aa3b-753fe6abb777\" href=\"https:\/\/eduok.pl\/wp-content\/uploads\/2025\/04\/HFW-Marzec.pdf\" target=\"_blank\" rel=\"noreferrer noopener\">2. HARMONOGRAM &#8211; MARZEC 2025<\/a><a href=\"https:\/\/eduok.pl\/wp-content\/uploads\/2025\/04\/HFW-Marzec.pdf\" class=\"wp-block-file__button wp-element-button\" download aria-describedby=\"wp-block-file--media-1061dd0a-3b09-4fbd-aa3b-753fe6abb777\">Pobierz<\/a><\/div>\n\n\n\n<div class=\"wp-block-file\"><a id=\"wp-block-file--media-58a57384-c6cc-402c-8cd1-c67534d1fdd0\" href=\"https:\/\/eduok.pl\/wp-content\/uploads\/2025\/04\/HFW-Kwiecien.pdf\" target=\"_blank\" rel=\"noreferrer noopener\">3. HARMONOGRAM &#8211; KWIECIE\u0143 2025<\/a><a href=\"https:\/\/eduok.pl\/wp-content\/uploads\/2025\/04\/HFW-Kwiecien.pdf\" class=\"wp-block-file__button wp-element-button\" download aria-describedby=\"wp-block-file--media-58a57384-c6cc-402c-8cd1-c67534d1fdd0\">Pobierz<\/a><\/div>\n\n\n\n<div class=\"wp-block-file\"><a id=\"wp-block-file--media-1ada2ff6-9113-4a15-82fe-40c7c0d0b307\" href=\"https:\/\/eduok.pl\/wp-content\/uploads\/2025\/06\/4.-HARMONOGRAM-\u2013-MAJ-2025.pdf\" target=\"_blank\" rel=\"noreferrer noopener\">4. HARMONOGRAM \u2013 MAJ 2025<\/a><a href=\"https:\/\/eduok.pl\/wp-content\/uploads\/2025\/06\/4.-HARMONOGRAM-\u2013-MAJ-2025.pdf\" class=\"wp-block-file__button wp-element-button\" download aria-describedby=\"wp-block-file--media-1ada2ff6-9113-4a15-82fe-40c7c0d0b307\">Pobierz<\/a><\/div>\n\n\n\n<div class=\"wp-block-file\"><a id=\"wp-block-file--media-2c0fc531-e2d9-4aea-9332-497b9f7247f6\" href=\"https:\/\/eduok.pl\/wp-content\/uploads\/2025\/07\/0625.pdf\" target=\"_blank\" rel=\"noreferrer noopener\">5. HARMONOGRAM &#8211; CZERWIEC 2025<\/a><a href=\"https:\/\/eduok.pl\/wp-content\/uploads\/2025\/07\/0625.pdf\" class=\"wp-block-file__button wp-element-button\" download aria-describedby=\"wp-block-file--media-2c0fc531-e2d9-4aea-9332-497b9f7247f6\">Pobierz<\/a><\/div>\n\n\n\n<div class=\"wp-block-file\"><a id=\"wp-block-file--media-593f0c20-3cc2-49df-8bc2-be62e38ff4f0\" href=\"https:\/\/eduok.pl\/wp-content\/uploads\/2025\/08\/0725-1.pdf\" target=\"_blank\" rel=\"noreferrer noopener\">6. HARMONOGRAM &#8211; LIPIEC 2025<\/a><a href=\"https:\/\/eduok.pl\/wp-content\/uploads\/2025\/08\/0725-1.pdf\" class=\"wp-block-file__button wp-element-button\" download aria-describedby=\"wp-block-file--media-593f0c20-3cc2-49df-8bc2-be62e38ff4f0\">Pobierz<\/a><\/div>\n\n\n\n<div class=\"wp-block-file\"><a id=\"wp-block-file--media-81f680cb-c0e8-42ba-b6a3-26b575fdee98\" href=\"https:\/\/eduok.pl\/wp-content\/uploads\/2025\/08\/0825-2.pdf\" target=\"_blank\" rel=\"noreferrer noopener\">7. HARMONOGRAM \u2013 SIERPIE\u0143 2025<\/a><a href=\"https:\/\/eduok.pl\/wp-content\/uploads\/2025\/08\/0825-2.pdf\" class=\"wp-block-file__button wp-element-button\" download aria-describedby=\"wp-block-file--media-81f680cb-c0e8-42ba-b6a3-26b575fdee98\">Pobierz<\/a><\/div>\n\n\n\n<div class=\"wp-block-file\"><a id=\"wp-block-file--media-de9bb5cc-ba0e-4d6a-83dd-ae386afe5251\" href=\"https:\/\/eduok.pl\/wp-content\/uploads\/2025\/09\/09.25.pdf\" target=\"_blank\" rel=\"noreferrer noopener\">8. HARMONOGRAM \u2013 WRZESIE\u0143 2025<\/a><a href=\"https:\/\/eduok.pl\/wp-content\/uploads\/2025\/09\/09.25.pdf\" class=\"wp-block-file__button wp-element-button\" download aria-describedby=\"wp-block-file--media-de9bb5cc-ba0e-4d6a-83dd-ae386afe5251\">Pobierz<\/a><\/div>\n\n\n\n<div class=\"wp-block-file\"><a id=\"wp-block-file--media-0e964515-c449-43f8-82c9-b4ea1e22d9ba\" href=\"https:\/\/eduok.pl\/wp-content\/uploads\/2025\/11\/HFW-10.pdf\" target=\"_blank\" rel=\"noreferrer noopener\">9. HARMONOGRAM \u2013 PA\u0179DZIERNIK 2025<\/a><a href=\"https:\/\/eduok.pl\/wp-content\/uploads\/2025\/11\/HFW-10.pdf\" class=\"wp-block-file__button wp-element-button\" download aria-describedby=\"wp-block-file--media-0e964515-c449-43f8-82c9-b4ea1e22d9ba\">Pobierz<\/a><\/div>\n\n\n\n<div class=\"wp-block-file\"><a id=\"wp-block-file--media-860cb9ed-bc16-46ba-978a-616331a7427d\" href=\"https:\/\/eduok.pl\/wp-content\/uploads\/2025\/11\/HFW-11.pdf\" target=\"_blank\" rel=\"noreferrer noopener\">10. HARMONOGRAM \u2013 LISTOPAD 2025<\/a><a href=\"https:\/\/eduok.pl\/wp-content\/uploads\/2025\/11\/HFW-11.pdf\" class=\"wp-block-file__button wp-element-button\" download aria-describedby=\"wp-block-file--media-860cb9ed-bc16-46ba-978a-616331a7427d\">Pobierz<\/a><\/div>\n\n\n\n<div class=\"wp-block-file\"><a id=\"wp-block-file--media-cc7b83b5-28d5-44b9-9093-16786bfe7abc\" href=\"https:\/\/eduok.pl\/wp-content\/uploads\/2025\/12\/1225.pdf\" target=\"_blank\" rel=\"noreferrer noopener\">11. HARMONOGRAM \u2013 GRUDZIE\u0143 2025<\/a><a href=\"https:\/\/eduok.pl\/wp-content\/uploads\/2025\/12\/1225.pdf\" class=\"wp-block-file__button wp-element-button\" download aria-describedby=\"wp-block-file--media-cc7b83b5-28d5-44b9-9093-16786bfe7abc\">Pobierz<\/a><\/div>\n\n\n\n<div class=\"wp-block-file\"><a id=\"wp-block-file--media-eb4a71db-146d-4119-a372-742f1c73fd53\" href=\"https:\/\/eduok.pl\/wp-content\/uploads\/2026\/02\/01.26.pdf\" target=\"_blank\" rel=\"noreferrer noopener\">12. HARMONOGRAM \u2013 STYCZE\u0143 2026<\/a><a href=\"https:\/\/eduok.pl\/wp-content\/uploads\/2026\/02\/01.26.pdf\" class=\"wp-block-file__button wp-element-button\" download aria-describedby=\"wp-block-file--media-eb4a71db-146d-4119-a372-742f1c73fd53\">Pobierz<\/a><\/div>\n\n\n\n<div class=\"wp-block-file\"><a id=\"wp-block-file--media-361de142-ed4a-48be-a4e6-7773ca4791e4\" href=\"https:\/\/eduok.pl\/wp-content\/uploads\/2026\/02\/harmonogram-luty.pdf\" target=\"_blank\" rel=\"noreferrer noopener\">13. HARMONOGRAM \u2013 LUTY 2026<\/a><a href=\"https:\/\/eduok.pl\/wp-content\/uploads\/2026\/02\/harmonogram-luty.pdf\" class=\"wp-block-file__button wp-element-button\" download aria-describedby=\"wp-block-file--media-361de142-ed4a-48be-a4e6-7773ca4791e4\">Pobierz<\/a><\/div>\n\n\n\n<div class=\"wp-block-file\"><a id=\"wp-block-file--media-e07dcc4d-f3c3-45d1-b052-25ba449afd51\" href=\"https:\/\/eduok.pl\/wp-content\/uploads\/2026\/03\/harmonogram-marzec.pdf\" target=\"_blank\" rel=\"noreferrer noopener\">14. HARMONOGRAM \u2013 MARZEC 2026<\/a><a href=\"https:\/\/eduok.pl\/wp-content\/uploads\/2026\/03\/harmonogram-marzec.pdf\" class=\"wp-block-file__button wp-element-button\" download aria-describedby=\"wp-block-file--media-e07dcc4d-f3c3-45d1-b052-25ba449afd51\">Pobierz<\/a><\/div>\n\n\n\n<div class=\"wp-block-file\"><a id=\"wp-block-file--media-682d4f53-a8ad-4e2b-9d8e-b289d7af4b0b\" href=\"https:\/\/eduok.pl\/wp-content\/uploads\/2026\/04\/HFW-kwiecien-2026.pdf\" target=\"_blank\" rel=\"noreferrer noopener\">15. HARMONOGRAM \u2013 KWIECIE\u0143 2026<\/a><a href=\"https:\/\/eduok.pl\/wp-content\/uploads\/2026\/04\/HFW-kwiecien-2026.pdf\" class=\"wp-block-file__button wp-element-button\" download aria-describedby=\"wp-block-file--media-682d4f53-a8ad-4e2b-9d8e-b289d7af4b0b\">Pobierz<\/a><\/div>\n","protected":false},"excerpt":{"rendered":"<p>Celem projektu jest przywr\u00f3cenie mo\u017cliwo\u015bci lub zdolno\u015bci uzyskania zatrudnienia lub innej formy aktywno\u015bci spo\u0142ecznej, rozwini\u0119cie lub wzmocnienie samodzielno\u015bci \u017cyciowej i spo\u0142ecznej oraz zapobieganie procesom ub\u00f3stwa, marginalizacji i wykluczenia spo\u0142ecznego&nbsp;300 os\u00f3b&nbsp;(280K i 20 M) zagro\u017conych ub\u00f3stwem lub wykluczeniem spo\u0142ecznym poprzez udzia\u0142 w dzia\u0142aniach aktywnej integracji o charakterze spo\u0142ecznym. zawodowym, zdrowotnym i edukacyjnym w okresie&nbsp;1.01.2025 &#8211; 31.12.2027 [&hellip;]<\/p>\n","protected":false},"author":1,"featured_media":0,"parent":0,"menu_order":0,"comment_status":"closed","ping_status":"closed","template":"","meta":{"footnotes":""},"class_list":["post-164","page","type-page","status-publish","hentry"],"_links":{"self":[{"href":"https:\/\/eduok.pl\/index.php\/wp-json\/wp\/v2\/pages\/164","targetHints":{"allow":["GET"]}}],"collection":[{"href":"https:\/\/eduok.pl\/index.php\/wp-json\/wp\/v2\/pages"}],"about":[{"href":"https:\/\/eduok.pl\/index.php\/wp-json\/wp\/v2\/types\/page"}],"author":[{"embeddable":true,"href":"https:\/\/eduok.pl\/index.php\/wp-json\/wp\/v2\/users\/1"}],"replies":[{"embeddable":true,"href":"https:\/\/eduok.pl\/index.php\/wp-json\/wp\/v2\/comments?post=164"}],"version-history":[{"count":40,"href":"https:\/\/eduok.pl\/index.php\/wp-json\/wp\/v2\/pages\/164\/revisions"}],"predecessor-version":[{"id":556,"href":"https:\/\/eduok.pl\/index.php\/wp-json\/wp\/v2\/pages\/164\/revisions\/556"}],"wp:attachment":[{"href":"https:\/\/eduok.pl\/index.php\/wp-json\/wp\/v2\/media?parent=164"}],"curies":[{"name":"wp","href":"https:\/\/api.w.org\/{rel}","templated":true}]}}