{"id":256,"date":"2025-02-20T17:43:58","date_gmt":"2025-02-20T16:43:58","guid":{"rendered":"https:\/\/eduok.pl\/index.php\/?page_id=256"},"modified":"2025-02-21T15:37:14","modified_gmt":"2025-02-21T14:37:14","slug":"o-firmie-2","status":"publish","type":"page","link":"https:\/\/eduok.pl\/index.php\/o-firmie-2\/","title":{"rendered":"O firmie"},"content":{"rendered":"\n<p>Firma <strong>EduOK treningi szkolenia<\/strong> dzia\u0142a nieprzerwanie od 2012 roku, ale zesp\u00f3\u0142 j\u0105 tworz\u0105cy posiada do\u015bwiadczenie w prowadzeniu szkole\u0144 od 1998 r.<\/p>\n\n\n\n<p>Realizowali\u015bmy szkolenia z r\u00f3\u017cnorodnych temat\u00f3w dla os\u00f3b indywidualnych, grup zorganizowanych, w tym&nbsp;<strong>przedstawicieli administracji publicznej<\/strong>,&nbsp;<strong>szk\u00f3\u0142, instytucji samorz\u0105dowych, przedsi\u0119biorc\u00f3w, organizacji pozarz\u0105dowych<\/strong>. W naszych treningach i szkoleniach k\u0142adziemy nacisk na praktyk\u0119 oraz wykorzystujemy przede wszystkim metody aktywizuj\u0105ce zwi\u0119kszaj\u0105ce skuteczno\u015b\u0107 uczenia si\u0119 i nabywania umiej\u0119tno\u015bci.&nbsp;&nbsp;<\/p>\n\n\n\n<p><strong>Prowadzimy dzia\u0142ania<\/strong><\/p>\n\n\n\n<ul class=\"wp-block-list\">\n<li><em>\u201e<\/em><strong><em>in company<\/em><\/strong><em>\u201d<\/em>&nbsp;w oparciu o indywidualnie opracowany program szkoleniowy uzgodniony ze zleceniodawc\u0105 oparty o diagnoz\u0119 potrzeb dla okre\u015blonej grupy odbiorc\u00f3w oraz<\/li>\n\n\n\n<li>proponuj\u0105c skorzystanie z naszej&nbsp;<a href=\"http:\/\/eduok.pl\/index.php\/oferta\/\"><strong>OFERTY<\/strong><\/a>&nbsp;dostosowanej do potrzeb klient\u00f3w.<\/li>\n<\/ul>\n\n\n\n<p>Kadr\u0119 trenersk\u0105 tworz\u0105 osoby z&nbsp;<strong>wieloletni\u0105 praktyk\u0105, przygotowaniem merytorycznym i metodycznym<\/strong>. Wysoko wykwalifikowana i niezwykle do\u015bwiadczona kadra trener\u00f3w,&nbsp; coach\u00f3w, specjalist\u00f3w w r\u00f3\u017cnych dziedzinach to kluczowy zas\u00f3b firmy <strong>EduOK treningi szkolenia.&nbsp;<\/strong><\/p>\n\n\n\n<p>Dok\u0142adamy stara\u0144 o&nbsp;<strong>najwy\u017csz\u0105 jako\u015b\u0107<\/strong>&nbsp;naszych us\u0142ug. Prowadzimy&nbsp;<strong>sta\u0142\u0105 ewaluacj\u0119<\/strong>&nbsp;dzia\u0142a\u0144. Uzyskane informacje zwrotne pozwalaj\u0105 modyfikowa\u0107 i doskonali\u0107 dzia\u0142ania.<\/p>\n\n\n\n<p>Od 17.04.2018 roku firma EduOK treningi szkolenia wpisana jest do Rejestru Instytucji Szkoleniowych prowadzonego przez Wojew\u00f3dzki Urz\u0105d Pracy w Katowicach \u2013 2.24\/00150\/2018.<\/p>\n\n\n\n<h2 class=\"wp-block-heading\">Do\u015bwiadczenie<\/h2>\n\n\n\n<p>Przyk\u0142adowe obszary szkole\u0144 i trening\u00f3w oraz tematy realizowanych zaj\u0119\u0107 warsztatowych:<\/p>\n\n\n\n<ul class=\"wp-block-list is-style-default\">\n<li style=\"border-radius:0px\"><strong>edukacja finansowa i zarz\u0105dzanie bud\u017cetem domowym<\/strong>, w tym m.in.: zarz\u0105dzanie bud\u017cetem domowym, racjonalne prowadzenie gospodarstwa domowego, przeciwdzia\u0142anie wyciekom finansowym w bud\u017cecie domowym, formalne i nieformalne metody oszcz\u0119dzania, racjonalne wykorzystywanie zasob\u00f3w, codzienna ekologia w domu i\u00a0inne. W ramach tego obszaru tematycznego oferujemy tak\u017ce warsztaty edukatorskie\/ trenerskie przygotowuj\u0105ce do samodzielnego prowadzenia zaj\u0119\u0107 z uczestnikami i spotka\u0144 z klientami;<\/li>\n\n\n\n<li><strong>zarz\u0105dzanie projektami<\/strong>,<strong>&nbsp;<\/strong>w tym m.in.: planowanie i zarz\u0105dzanie projektami oraz pozyskiwanie \u015brodk\u00f3w pozabud\u017cetowych na ich realizacj\u0119, kszta\u0142towanie umiej\u0119tno\u015bci pracy w zespole, podzia\u0142 zada\u0144 w zespole, osi\u0105ganie celu, efektywno\u015b\u0107 dzia\u0142a\u0144, projekt jako metoda dzia\u0142ania, budowanie zespo\u0142\u00f3w projektowych, przechodzenie ca\u0142ej \u015bcie\u017cki: od generowania pomys\u0142u na rozwi\u0105zanie okre\u015blonego problemu, przez napisanie projektu, jego realizacj\u0119 i rozliczenie, a na ewaluacji ko\u0144cz\u0105c;&nbsp;<\/li>\n\n\n\n<li><strong>zarz\u0105dzanie zasobami ludzkimi<\/strong>, w tym m.in.: warsztaty liderskie, przyw\u00f3dztwo a&nbsp;zarz\u0105dzanie, wyznaczanie i osi\u0105ganie cel\u00f3w, planowanie dzia\u0142a\u0144 i strategii, inspirowanie&nbsp;i&nbsp;motywowanie zespo\u0142u, podzia\u0142 zada\u0144, praca indywidualna a zespo\u0142owa, zarz\u0105dzanie konfliktem, integracja w zespole, lider jako mentor lub coach i wiele innych;<\/li>\n\n\n\n<li><strong>rozw\u00f3j umiej\u0119tno\u015bci mi\u0119kkich<\/strong>, tym m.in.: praktyczne aspekty komunikacji interpersonalnej, budowanie zespo\u0142u, zarz\u0105dzanie sob\u0105 w czasie, prze\u0142amywanie stereotyp\u00f3w i rozw\u00f3j kreatywno\u015bci, rozwi\u0105zywanie problem\u00f3w, zarz\u0105dzanie zmian\u0105, asertywno\u015b\u0107, wyst\u0105pienia publiczne, autoprezentacja, integracja, wypalenie zawodowe, jak skutecznie radzi\u0107 sobie ze stresem, negocjacje i wiele innych;<\/li>\n\n\n\n<li><strong>przedsi\u0119biorczo\u015b\u0107 gospodarcza, rynek pracy<\/strong>, w tym m.in.: zak\u0142adanie \/ rejestracja dzia\u0142alno\u015bci gospodarczej, opracowanie biznesplanu, dzia\u0142ania marketingowe firmy, zarz\u0105dzanie firm\u0105, pozyskiwanie funduszy na rozw\u00f3j i funkcjonowanie firmy, nisze rynkowe, wyznaczenie i osi\u0105ganie cel\u00f3w, badanie rynku; aktywne szukanie pracy, autoprezentacja, badanie predyspozycji osobowych i zawodowych, diagnoza zasob\u00f3w i wiele innych, wsp\u00f3\u0142praca z klientami, budowanie i wsp\u00f3\u0142praca z zespo\u0142em;<\/li>\n\n\n\n<li><strong>ekonomia spo\u0142eczna<\/strong>, w tym m.in.: zak\u0142adanie \/ rejestrowanie i prowadzenie dzia\u0142alno\u015bci w&nbsp;postaci stowarzysze\u0144, fundacji, sp\u00f3\u0142dzielni socjalnych, sp\u00f3\u0142ek z o.o. non profit; charakterystyka podmiot\u00f3w ekonomii spo\u0142ecznej, techniki i metody pozyskiwania \u015brodk\u00f3w na dzia\u0142alno\u015b\u0107, fundraising, crowdfunding, pe\u0142ne wsparcie w ca\u0142ej \u015bcie\u017cce: od generowania pomys\u0142u na rozwi\u0105zanie okre\u015blonego problemu spo\u0142ecznego, przez napisanie projektu, jego realizacj\u0119 i rozliczenie, a na ewaluacji ko\u0144cz\u0105c, sprawozdawczo\u015b\u0107, formalno-prawne aspekty prowadzenia dzia\u0142alno\u015bci w&nbsp;formie podmiotu ekonomii spo\u0142ecznej i wiele innych;<\/li>\n\n\n\n<li><strong>treningi trenerskie \/ edukatorskie \/ metodyczne T4T czyli Trainings for trainers<\/strong>&nbsp;\u2013 przygotowuj\u0105ce uczestnik\u00f3w do samodzielnego zaplanowania,&nbsp; poprowadzenia zaj\u0119\u0107 oraz ich ewaluacj\u0119. Zaj\u0119cia realizowane w formie warsztatu z wykorzystaniem metod aktywizuj\u0105cych, etiudy trenerskie, metod\u0119 VIT, superwizj\u0119.<\/li>\n<\/ul>\n\n\n\n<p>Posiadamy r\u00f3wnie\u017c do\u015bwiadczenie w prowadzeniu warsztat\u00f3w mi\u0119dzynarodowych w ww. tematyce.<\/p>\n","protected":false},"excerpt":{"rendered":"<p>Firma EduOK treningi szkolenia dzia\u0142a nieprzerwanie od 2012 roku, ale zesp\u00f3\u0142 j\u0105 tworz\u0105cy posiada do\u015bwiadczenie w prowadzeniu szkole\u0144 od 1998 r. Realizowali\u015bmy szkolenia z r\u00f3\u017cnorodnych temat\u00f3w dla os\u00f3b indywidualnych, grup zorganizowanych, w tym&nbsp;przedstawicieli administracji publicznej,&nbsp;szk\u00f3\u0142, instytucji samorz\u0105dowych, przedsi\u0119biorc\u00f3w, organizacji pozarz\u0105dowych. W naszych treningach i szkoleniach k\u0142adziemy nacisk na praktyk\u0119 oraz wykorzystujemy przede wszystkim metody aktywizuj\u0105ce [&hellip;]<\/p>\n","protected":false},"author":1,"featured_media":0,"parent":0,"menu_order":0,"comment_status":"closed","ping_status":"closed","template":"","meta":{"footnotes":""},"class_list":["post-256","page","type-page","status-publish","hentry"],"_links":{"self":[{"href":"https:\/\/eduok.pl\/index.php\/wp-json\/wp\/v2\/pages\/256","targetHints":{"allow":["GET"]}}],"collection":[{"href":"https:\/\/eduok.pl\/index.php\/wp-json\/wp\/v2\/pages"}],"about":[{"href":"https:\/\/eduok.pl\/index.php\/wp-json\/wp\/v2\/types\/page"}],"author":[{"embeddable":true,"href":"https:\/\/eduok.pl\/index.php\/wp-json\/wp\/v2\/users\/1"}],"replies":[{"embeddable":true,"href":"https:\/\/eduok.pl\/index.php\/wp-json\/wp\/v2\/comments?post=256"}],"version-history":[{"count":5,"href":"https:\/\/eduok.pl\/index.php\/wp-json\/wp\/v2\/pages\/256\/revisions"}],"predecessor-version":[{"id":290,"href":"https:\/\/eduok.pl\/index.php\/wp-json\/wp\/v2\/pages\/256\/revisions\/290"}],"wp:attachment":[{"href":"https:\/\/eduok.pl\/index.php\/wp-json\/wp\/v2\/media?parent=256"}],"curies":[{"name":"wp","href":"https:\/\/api.w.org\/{rel}","templated":true}]}}