{"id":327,"date":"2025-04-07T19:47:21","date_gmt":"2025-04-07T17:47:21","guid":{"rendered":"https:\/\/eduok.pl\/index.php\/?page_id=327"},"modified":"2026-03-31T13:40:18","modified_gmt":"2026-03-31T11:40:18","slug":"materialy-szkoleniowe","status":"publish","type":"page","link":"https:\/\/eduok.pl\/index.php\/materialy-szkoleniowe\/","title":{"rendered":"Materia\u0142y szkoleniowe"},"content":{"rendered":"\n<p>Zapraszamy wszystkich zainteresowanych do pobierania&nbsp;materia\u0142\u00f3w szkoleniowych.<br>Materia\u0142y dotycz\u0105 wszystkich rozpocz\u0119tych modu\u0142\u00f3w szkole\u0144 grupowych realizowanych w ramach projektu.<\/p>\n\n\n\n<h2 class=\"wp-block-heading\" style=\"font-size:clamp(18.959px, 1.185rem + ((1vw - 3.2px) * 1.255), 30px);\">Materia\u0142y dost\u0119pne w ramach Katalogu Form Wsparcia obowi\u0105zuj\u0105cego w okresie: 1.01.2025 &#8211; 2.02.2026<\/h2>\n\n\n\n<h2 class=\"wp-block-heading has-base-font-size\">GRUPOWE FORMY WSPARCIA<\/h2>\n\n\n\n<h3 class=\"wp-block-heading has-base-font-size\"><strong>KAT.1.7<\/strong> Trening Rozwojowy &#8211; Modu\u0142 PODSTAWOWY<\/h3>\n\n\n\n<div class=\"wp-block-file\"><a id=\"wp-block-file--media-62254644-432c-4b8c-9fbb-5ddd8f18cd52\" href=\"https:\/\/eduok.pl\/wp-content\/uploads\/2025\/04\/Komunikacja-materialy-kolor.pdf\" target=\"_blank\" rel=\"noreferrer noopener\">Trening komunikacji interpersonalnej i rozwia\u0328zywania konflikto\u0301w<\/a><a href=\"https:\/\/eduok.pl\/wp-content\/uploads\/2025\/04\/Komunikacja-materialy-kolor.pdf\" class=\"wp-block-file__button wp-element-button\" download aria-describedby=\"wp-block-file--media-62254644-432c-4b8c-9fbb-5ddd8f18cd52\">Pobierz PDF<\/a><\/div>\n\n\n\n<div class=\"wp-block-file\"><a id=\"wp-block-file--media-8c7cb880-a614-4722-a01f-d8817e2d8140\" href=\"https:\/\/eduok.pl\/wp-content\/uploads\/2025\/04\/Autoprezentacja-materialy-kolor.pdf\" target=\"_blank\" rel=\"noreferrer noopener\">Trening autoprezentacji, savoir &#8211; vivre i poszukiwania pracy<\/a><a href=\"https:\/\/eduok.pl\/wp-content\/uploads\/2025\/04\/Autoprezentacja-materialy-kolor.pdf\" class=\"wp-block-file__button wp-element-button\" download aria-describedby=\"wp-block-file--media-8c7cb880-a614-4722-a01f-d8817e2d8140\">Pobierz PDF<\/a><\/div>\n\n\n\n<div class=\"wp-block-file\"><a id=\"wp-block-file--media-69d965e3-53a8-4c8d-bea8-2861a300d2a7\" href=\"https:\/\/eduok.pl\/wp-content\/uploads\/2025\/04\/Eko-rownosc-szans-materialy-kolor.pdf\" target=\"_blank\" rel=\"noreferrer noopener\">Trening \u015bwiadomo\u015bci eko, r\u00f3wno\u015bci szans i niedyskryminacji<\/a><a href=\"https:\/\/eduok.pl\/wp-content\/uploads\/2025\/04\/Eko-rownosc-szans-materialy-kolor.pdf\" class=\"wp-block-file__button wp-element-button\" download aria-describedby=\"wp-block-file--media-69d965e3-53a8-4c8d-bea8-2861a300d2a7\">Pobierz PDF<\/a><\/div>\n\n\n\n<h3 class=\"wp-block-heading has-base-font-size\"><strong>KAT.1.8<\/strong> Trening Rozwojowy &#8211; Modu\u0142 \u015aREDNIO ZAAWANSOWANY<\/h3>\n\n\n\n<div class=\"wp-block-file\"><a id=\"wp-block-file--media-488cac45-9fcd-48c7-8d7a-3a4e33e1c4c5\" href=\"https:\/\/eduok.pl\/wp-content\/uploads\/2025\/04\/Asertywnosc-stres-materialy-kolor.pdf\" target=\"_blank\" rel=\"noreferrer noopener\">Trening asertywno\u015bci, budowania poczucia w\u0142asnej warto\u015bci i radzenia sobie ze stresem<\/a><a href=\"https:\/\/eduok.pl\/wp-content\/uploads\/2025\/04\/Asertywnosc-stres-materialy-kolor.pdf\" class=\"wp-block-file__button wp-element-button\" download aria-describedby=\"wp-block-file--media-488cac45-9fcd-48c7-8d7a-3a4e33e1c4c5\">Pobierz PDF<\/a><\/div>\n\n\n\n<div class=\"wp-block-file\"><a id=\"wp-block-file--media-3360c581-6f91-43d0-b430-2ff28c10e284\" href=\"https:\/\/eduok.pl\/wp-content\/uploads\/2025\/04\/Trening-finansowy-materialy-kolor.pdf\" target=\"_blank\" rel=\"noreferrer noopener\">Trening finansowy: zarz\u0105dzanie bud\u017cetem domowym z el. racjonalnego wyk. zasob\u00f3w<\/a><a href=\"https:\/\/eduok.pl\/wp-content\/uploads\/2025\/04\/Trening-finansowy-materialy-kolor.pdf\" class=\"wp-block-file__button wp-element-button\" download aria-describedby=\"wp-block-file--media-3360c581-6f91-43d0-b430-2ff28c10e284\">Pobierz PDF<\/a><\/div>\n\n\n\n<div class=\"wp-block-file\"><a id=\"wp-block-file--media-b71c14bc-8315-41fb-ac3a-011b29654956\" href=\"https:\/\/eduok.pl\/wp-content\/uploads\/2025\/04\/Kreatywnosc-materialy-kolor.pdf\" target=\"_blank\" rel=\"noreferrer noopener\">Trening kreatywno\u015bci, tw\u00f3rczego rozwoju, prze\u0142amywania schematycznego my\u015blenia<\/a><a href=\"https:\/\/eduok.pl\/wp-content\/uploads\/2025\/04\/Kreatywnosc-materialy-kolor.pdf\" class=\"wp-block-file__button wp-element-button\" download aria-describedby=\"wp-block-file--media-b71c14bc-8315-41fb-ac3a-011b29654956\">Pobierz PDF<\/a><\/div>\n\n\n\n<h3 class=\"wp-block-heading has-base-font-size\"><strong>KAT.1.9<\/strong> Trening Rozwojowy &#8211; Modu\u0142&nbsp; ZAAWANSOWANY<\/h3>\n\n\n\n<div class=\"wp-block-file\"><a id=\"wp-block-file--media-f030e0e1-991c-474a-a755-d32a9ad82497\" href=\"https:\/\/eduok.pl\/wp-content\/uploads\/2025\/04\/Kreatywnosc-materialy-kolor-1.pdf\">Trening przedsi\u0119biorczo\u015bci gosp. z el.opracowania biznes planu i prow. w\u0142asnej dzia\u0142alno\u015bci<\/a><a href=\"https:\/\/eduok.pl\/wp-content\/uploads\/2025\/04\/Kreatywnosc-materialy-kolor-1.pdf\" class=\"wp-block-file__button wp-element-button\" download aria-describedby=\"wp-block-file--media-f030e0e1-991c-474a-a755-d32a9ad82497\">Pobierz PDF<\/a><\/div>\n\n\n\n<div class=\"wp-block-file\"><a id=\"wp-block-file--media-a9bed879-3038-4523-a2aa-ff1dada40e58\" href=\"https:\/\/eduok.pl\/wp-content\/uploads\/2025\/04\/Tolerancja-materialy-kolor.pdf\" target=\"_blank\" rel=\"noreferrer noopener\">Trening kompetencji mi\u0119dzykulturowych, tolerancji, empatii i r\u00f3\u017cnorodno\u015bci<\/a><a href=\"https:\/\/eduok.pl\/wp-content\/uploads\/2025\/04\/Tolerancja-materialy-kolor.pdf\" class=\"wp-block-file__button wp-element-button\" download aria-describedby=\"wp-block-file--media-a9bed879-3038-4523-a2aa-ff1dada40e58\">Pobierz PDF<\/a><\/div>\n\n\n\n<h3 class=\"wp-block-heading has-base-font-size\"><strong>KAT.1.10<\/strong> Warsztaty kompetencji ICT<\/h3>\n\n\n\n<div class=\"wp-block-file\"><a id=\"wp-block-file--media-ad64d9b1-8dc1-4c93-ae00-650767fcbcf8\" href=\"https:\/\/eduok.pl\/wp-content\/uploads\/2025\/04\/Warsztat-kompetencji-ICT-poziom-podstawowy.pdf\" target=\"_blank\" rel=\"noreferrer noopener\">Warsztat kompetencji ICT &#8211; poziom podstawowy<\/a><a href=\"https:\/\/eduok.pl\/wp-content\/uploads\/2025\/04\/Warsztat-kompetencji-ICT-poziom-podstawowy.pdf\" class=\"wp-block-file__button wp-element-button\" download aria-describedby=\"wp-block-file--media-ad64d9b1-8dc1-4c93-ae00-650767fcbcf8\">Pobierz PDF<\/a><\/div>\n\n\n\n<div class=\"wp-block-file\"><a id=\"wp-block-file--media-20007b72-1737-4610-a4ff-7229df516f28\" href=\"https:\/\/eduok.pl\/wp-content\/uploads\/2025\/04\/Warsztat-kompetencji-ICT-poziom-sr.-zaawansowany.pdf\" target=\"_blank\" rel=\"noreferrer noopener\">Warsztat kompetencji ICT  &#8211; poziom s\u0301r. zaawansowany<\/a><a href=\"https:\/\/eduok.pl\/wp-content\/uploads\/2025\/04\/Warsztat-kompetencji-ICT-poziom-sr.-zaawansowany.pdf\" class=\"wp-block-file__button wp-element-button\" download aria-describedby=\"wp-block-file--media-20007b72-1737-4610-a4ff-7229df516f28\">Pobierz PDF<\/a><\/div>\n\n\n\n<div class=\"wp-block-file\"><a id=\"wp-block-file--media-d0aa4aac-be39-4488-ac83-b6a6a9e06b07\" href=\"https:\/\/eduok.pl\/wp-content\/uploads\/2025\/04\/Warsztat-kompetencji-ICT-poziom-zaawansowany.pdf\" target=\"_blank\" rel=\"noreferrer noopener\">Warsztat kompetencji ICT &#8211; poziom zaawansowany<\/a><a href=\"https:\/\/eduok.pl\/wp-content\/uploads\/2025\/04\/Warsztat-kompetencji-ICT-poziom-zaawansowany.pdf\" class=\"wp-block-file__button wp-element-button\" download aria-describedby=\"wp-block-file--media-d0aa4aac-be39-4488-ac83-b6a6a9e06b07\">Pobierz PDF<\/a><\/div>\n\n\n\n<h2 class=\"wp-block-heading\" style=\"font-size:clamp(18.959px, 1.185rem + ((1vw - 3.2px) * 1.255), 30px);\">Materia\u0142y dost\u0119pne w ramach Katalogu Form Wsparcia obowi\u0105zuj\u0105cego w okresie: 3.02.2026 &#8211; obecnie<\/h2>\n\n\n\n<h2 class=\"wp-block-heading has-base-font-size\">GRUPOWE FORMY WSPARCIA<\/h2>\n\n\n\n<p><strong>KAT.1.6<\/strong> Modu\u0142 I &#8211; Trening Rozwojowy a w nim: Trening autoprezentacji oraz kompetencji formalnych, Trening \u015bwiadomo\u015bci eko, r\u00f3wno\u015bci szans i niedyskryminacji.<\/p>\n\n\n\n<div class=\"wp-block-file\"><a id=\"wp-block-file--media-3b8243e7-e27e-4bd4-adb9-eb9bb21d94ba\" href=\"https:\/\/eduok.pl\/wp-content\/uploads\/2026\/03\/Modul1.pdf\">Modu\u0142 1<\/a><a href=\"https:\/\/eduok.pl\/wp-content\/uploads\/2026\/03\/Modul1.pdf\" class=\"wp-block-file__button wp-element-button\" download aria-describedby=\"wp-block-file--media-3b8243e7-e27e-4bd4-adb9-eb9bb21d94ba\">Pobierz PDF<\/a><\/div>\n\n\n\n<div class=\"wp-block-file\"><a id=\"wp-block-file--media-11b8836f-0033-4fd9-aafb-5159f87e341f\" href=\"https:\/\/eduok.pl\/wp-content\/uploads\/2026\/03\/Modul1.docx\">Modu\u0142 1<\/a><a href=\"https:\/\/eduok.pl\/wp-content\/uploads\/2026\/03\/Modul1.docx\" class=\"wp-block-file__button wp-element-button\" download aria-describedby=\"wp-block-file--media-11b8836f-0033-4fd9-aafb-5159f87e341f\">Pobierz docx<\/a><\/div>\n\n\n\n<p><strong>KAT.1.7<\/strong> Modu\u0142 II &#8211; Trening Rozwojowy a w nim: Trening komunikacji spo\u0142ecznej i interpersonalnej, Trening wsp\u00f3\u0142pracy zespo\u0142owej i rozwi\u0105zywania konflikt\u00f3w.<\/p>\n\n\n\n<div class=\"wp-block-file\"><a id=\"wp-block-file--media-350bd9ec-3533-403c-8049-6f1319623549\" href=\"https:\/\/eduok.pl\/wp-content\/uploads\/2026\/03\/Modul2.pdf\">Modu\u0142 2<\/a><a href=\"https:\/\/eduok.pl\/wp-content\/uploads\/2026\/03\/Modul2.pdf\" class=\"wp-block-file__button wp-element-button\" download aria-describedby=\"wp-block-file--media-350bd9ec-3533-403c-8049-6f1319623549\">Pobierz PDF<\/a><\/div>\n\n\n\n<div class=\"wp-block-file\"><a id=\"wp-block-file--media-01c56d85-3c4d-47a9-83b4-1fd4c38bf866\" href=\"https:\/\/eduok.pl\/wp-content\/uploads\/2026\/03\/Modul2.docx\">Modu\u0142 2<\/a><a href=\"https:\/\/eduok.pl\/wp-content\/uploads\/2026\/03\/Modul2.docx\" class=\"wp-block-file__button wp-element-button\" download aria-describedby=\"wp-block-file--media-01c56d85-3c4d-47a9-83b4-1fd4c38bf866\">Pobierz docx<\/a><\/div>\n\n\n\n<p><strong>KAT.1.8<\/strong> Modu\u0142 III &#8211; Trening Rozwojowy a w nim: Trening budowania poczucia w\u0142asnej warto\u015bci i samooceny, Trening asertywno\u015bci, radzenia sobie ze stresem oraz wyznaczania i realizacji cel\u00f3w.<\/p>\n\n\n\n<div class=\"wp-block-file\"><a id=\"wp-block-file--media-7fb3da40-ab56-4b58-9902-39c7304b4ef0\" href=\"https:\/\/eduok.pl\/wp-content\/uploads\/2026\/03\/Modul3.pdf\">Modu\u0142 3<\/a><a href=\"https:\/\/eduok.pl\/wp-content\/uploads\/2026\/03\/Modul3.pdf\" class=\"wp-block-file__button wp-element-button\" download aria-describedby=\"wp-block-file--media-7fb3da40-ab56-4b58-9902-39c7304b4ef0\">Pobierz PDF<\/a><\/div>\n\n\n\n<div class=\"wp-block-file\"><a id=\"wp-block-file--media-60ac15b7-3a2e-4789-888a-c02591e3d43a\" href=\"https:\/\/eduok.pl\/wp-content\/uploads\/2026\/03\/Modul3.docx\">Modu\u0142 3<\/a><a href=\"https:\/\/eduok.pl\/wp-content\/uploads\/2026\/03\/Modul3.docx\" class=\"wp-block-file__button wp-element-button\" download aria-describedby=\"wp-block-file--media-60ac15b7-3a2e-4789-888a-c02591e3d43a\">Pobierz docx<\/a><\/div>\n\n\n\n<p><strong>KAT.1.9<\/strong> Modu\u0142 IV &#8211; Trening Rozwojowy a w nim: Trening kreatywno\u015bci, tw\u00f3rczego rozwoju, prze\u0142amywania schematycznego my\u015blenia; Trening racjonalnego prowadzenia gospodarstwa domowego i organizacji \u017cycia codziennego.<\/p>\n\n\n\n<div class=\"wp-block-file\"><a id=\"wp-block-file--media-a6cc226f-9999-4acc-ae80-a4846bf736c5\" href=\"https:\/\/eduok.pl\/wp-content\/uploads\/2026\/03\/Modul4.pdf\">Modu\u0142 4<\/a><a href=\"https:\/\/eduok.pl\/wp-content\/uploads\/2026\/03\/Modul4.pdf\" class=\"wp-block-file__button wp-element-button\" download aria-describedby=\"wp-block-file--media-a6cc226f-9999-4acc-ae80-a4846bf736c5\">Pobierz PDF<\/a><\/div>\n\n\n\n<div class=\"wp-block-file\"><a id=\"wp-block-file--media-c793dae6-33ac-4e69-a843-147190baa0fc\" href=\"https:\/\/eduok.pl\/wp-content\/uploads\/2026\/03\/Modul4.docx\">Modu\u0142 4<\/a><a href=\"https:\/\/eduok.pl\/wp-content\/uploads\/2026\/03\/Modul4.docx\" class=\"wp-block-file__button wp-element-button\" download aria-describedby=\"wp-block-file--media-c793dae6-33ac-4e69-a843-147190baa0fc\">Pobierz docx<\/a><\/div>\n\n\n\n<p><strong>KAT.1.10<\/strong> Modu\u0142 V &#8211; Trening przedsi\u0119biorczo\u015bci gosp. z el. opracowania biznes planu i prowadzenia w\u0142asnej dzia\u0142alno\u015bci.<\/p>\n\n\n\n<div class=\"wp-block-file\"><a id=\"wp-block-file--media-9e629b68-3b79-4bf0-adfd-6a8c3918aed1\" href=\"https:\/\/eduok.pl\/wp-content\/uploads\/2026\/03\/Modul5.pdf\">Modu\u0142 5<\/a><a href=\"https:\/\/eduok.pl\/wp-content\/uploads\/2026\/03\/Modul5.pdf\" class=\"wp-block-file__button wp-element-button\" download aria-describedby=\"wp-block-file--media-9e629b68-3b79-4bf0-adfd-6a8c3918aed1\">Pobierz PDF<\/a><\/div>\n\n\n\n<div class=\"wp-block-file\"><a id=\"wp-block-file--media-520b8115-6cb6-48a8-8a0a-8501089832a1\" href=\"https:\/\/eduok.pl\/wp-content\/uploads\/2026\/03\/Modul5.docx\">Modu\u0142 5<\/a><a href=\"https:\/\/eduok.pl\/wp-content\/uploads\/2026\/03\/Modul5.docx\" class=\"wp-block-file__button wp-element-button\" download aria-describedby=\"wp-block-file--media-520b8115-6cb6-48a8-8a0a-8501089832a1\">Pobierz docx<\/a><\/div>\n","protected":false},"excerpt":{"rendered":"<p>Zapraszamy wszystkich zainteresowanych do pobierania&nbsp;materia\u0142\u00f3w szkoleniowych.Materia\u0142y dotycz\u0105 wszystkich rozpocz\u0119tych modu\u0142\u00f3w szkole\u0144 grupowych realizowanych w ramach projektu. Materia\u0142y dost\u0119pne w ramach Katalogu Form Wsparcia obowi\u0105zuj\u0105cego w okresie: 1.01.2025 &#8211; 2.02.2026 GRUPOWE FORMY WSPARCIA KAT.1.7 Trening Rozwojowy &#8211; Modu\u0142 PODSTAWOWY KAT.1.8 Trening Rozwojowy &#8211; Modu\u0142 \u015aREDNIO ZAAWANSOWANY KAT.1.9 Trening Rozwojowy &#8211; Modu\u0142&nbsp; ZAAWANSOWANY KAT.1.10 Warsztaty kompetencji ICT [&hellip;]<\/p>\n","protected":false},"author":1,"featured_media":0,"parent":0,"menu_order":0,"comment_status":"closed","ping_status":"closed","template":"","meta":{"footnotes":""},"class_list":["post-327","page","type-page","status-publish","hentry"],"_links":{"self":[{"href":"https:\/\/eduok.pl\/index.php\/wp-json\/wp\/v2\/pages\/327","targetHints":{"allow":["GET"]}}],"collection":[{"href":"https:\/\/eduok.pl\/index.php\/wp-json\/wp\/v2\/pages"}],"about":[{"href":"https:\/\/eduok.pl\/index.php\/wp-json\/wp\/v2\/types\/page"}],"author":[{"embeddable":true,"href":"https:\/\/eduok.pl\/index.php\/wp-json\/wp\/v2\/users\/1"}],"replies":[{"embeddable":true,"href":"https:\/\/eduok.pl\/index.php\/wp-json\/wp\/v2\/comments?post=327"}],"version-history":[{"count":14,"href":"https:\/\/eduok.pl\/index.php\/wp-json\/wp\/v2\/pages\/327\/revisions"}],"predecessor-version":[{"id":552,"href":"https:\/\/eduok.pl\/index.php\/wp-json\/wp\/v2\/pages\/327\/revisions\/552"}],"wp:attachment":[{"href":"https:\/\/eduok.pl\/index.php\/wp-json\/wp\/v2\/media?parent=327"}],"curies":[{"name":"wp","href":"https:\/\/api.w.org\/{rel}","templated":true}]}}