{"id":354,"date":"2025-04-15T06:56:30","date_gmt":"2025-04-15T04:56:30","guid":{"rendered":"https:\/\/eduok.pl\/index.php\/?page_id=354"},"modified":"2026-03-02T16:37:39","modified_gmt":"2026-03-02T15:37:39","slug":"razem-aktywnie-w-integracje","status":"publish","type":"page","link":"https:\/\/eduok.pl\/index.php\/razem-aktywnie-w-integracje\/","title":{"rendered":"Razem aktywnie w integracj\u0119"},"content":{"rendered":"\n<p>Zapraszamy do udzia\u0142u w projekcie&nbsp;\u201eRazem aktywnie w integracj\u0119\u201d&nbsp;realizowanym przez Stowarzyszenie Pomocy Wzajemnej \u201eBy\u0107 Razem\u201d. Projekt skierowany jest do os\u00f3b zagro\u017conych ub\u00f3stwem lub wykluczeniem spo\u0142ecznym, zamieszkuj\u0105cych teren Powiatu Cieszy\u0144skiego. Udzia\u0142 w projekcie jest ca\u0142kowicie bezp\u0142atny.<\/p>\n\n\n\n<h2 class=\"wp-block-heading has-base-font-size\">W ramach projektu oferujemy:<\/h2>\n\n\n\n<ul class=\"wp-block-list\">\n<li>szkolenia i kursy, w tym z zakresu technologii informacyjno-komunikacyjnych (ICT),<\/li>\n\n\n\n<li>skorzystanie z pomocy psychologa, prawnika, doradcy zawodowego oraz innych specjalist\u00f3w wed\u0142ug indywidualnych potrzeb<\/li>\n\n\n\n<li>wsparcie w reintegracji spo\u0142ecznej i zawodowej,<\/li>\n\n\n\n<li>indywidualnie dopasowan\u0105 \u015bcie\u017ck\u0119 wsparcia,<\/li>\n\n\n\n<li>dzia\u0142ania ekologiczne zwi\u0105zane z ochron\u0105 \u015brodowiska,<\/li>\n\n\n\n<li>promowanie zasad r\u00f3wno\u015bci i niedyskryminacji.<\/li>\n<\/ul>\n\n\n\n<p>Projekt dofinansowany w ramach Priorytetu VII Fundusze Europejskie dla spo\u0142ecze\u0144stwa, Dzia\u0142anie 7.2 Aktywna integracja Programu Fundusze Europejskie dla \u015al\u0105skiego 2021-2027.<\/p>\n\n\n\n<p>Czas realizacji projektu:&nbsp;01.01.2025 r. \u2013 30.06.2027 r.<br>Bud\u017cet projektu:&nbsp;5 123 011,95 z\u0142&nbsp;<\/p>\n\n\n\n<p>Projekt skierowany jest do mieszka\u0144c\u00f3w Powiatu Cieszy\u0144skiego, w szczeg\u00f3lno\u015bci os\u00f3b w trudnej sytuacji \u017cyciowej, takich jak: osoby korzystaj\u0105ce z pomocy spo\u0142ecznej, osoby z&nbsp;niepe\u0142nosprawno\u015bciami, osoby w kryzysie bezdomno\u015bci, osoby opuszczaj\u0105ce piecz\u0119 zast\u0119pcz\u0105, a&nbsp;tak\u017ce osoby wykluczone komunikacyjnie.<\/p>\n\n\n\n<p>Rekrutacja trwa! Zg\u0142oszenia mo\u017cna sk\u0142ada\u0107: mailowo na adres:&nbsp;<a>razemaktywnie@bycrazem.com<\/a> lub osobi\u015bcie w biurze projektu w: Centrum Edukacji Socjalnej 43-400 Cieszyn, ul. B\u0142ogocka 30, tel. 0048 501 696 250<\/p>\n\n\n\n<p>Je\u015bli masz pytania lub potrzebujesz wsparcia w wype\u0142nieniu formularza zg\u0142oszeniowego, zesp\u00f3\u0142 projektu ch\u0119tnie pomo\u017ce! Do\u0142\u0105cz do nas i skorzystaj z mo\u017cliwo\u015bci, jakie oferuje projekt!&nbsp;<\/p>\n\n\n\n<h2 class=\"wp-block-heading has-base-font-size\">Poni\u017cej dost\u0119pne do pobrania za\u0142\u0105czniki:<\/h2>\n\n\n\n<p><a href=\"https:\/\/bycrazem.com\/wp-content\/uploads\/2025\/02\/Regulamin-rekrutacji-7.2.doc\">Regulamin rekrutacji<\/a><\/p>\n\n\n\n<p><a href=\"https:\/\/bycrazem.com\/wp-content\/uploads\/2025\/02\/Z.1-Formularz-zgloszeniowy.doc\">Formularz zg\u0142oszeniowy<\/a><\/p>\n\n\n\n<figure class=\"wp-block-image size-large\"><a href=\"https:\/\/eduok.pl\/wp-content\/uploads\/2025\/04\/Razem-aktywnie-w-integracje.png\"><img loading=\"lazy\" decoding=\"async\" width=\"1024\" height=\"1024\" src=\"https:\/\/eduok.pl\/wp-content\/uploads\/2025\/04\/Razem-aktywnie-w-integracje-1024x1024.png\" alt=\"Plakat informacyjny\" class=\"wp-image-355\" srcset=\"https:\/\/eduok.pl\/wp-content\/uploads\/2025\/04\/Razem-aktywnie-w-integracje-1024x1024.png 1024w, https:\/\/eduok.pl\/wp-content\/uploads\/2025\/04\/Razem-aktywnie-w-integracje-300x300.png 300w, https:\/\/eduok.pl\/wp-content\/uploads\/2025\/04\/Razem-aktywnie-w-integracje-150x150.png 150w, https:\/\/eduok.pl\/wp-content\/uploads\/2025\/04\/Razem-aktywnie-w-integracje-768x768.png 768w, https:\/\/eduok.pl\/wp-content\/uploads\/2025\/04\/Razem-aktywnie-w-integracje.png 1080w\" sizes=\"auto, (max-width: 1024px) 100vw, 1024px\" \/><\/a><\/figure>\n\n\n\n<h2 class=\"wp-block-heading has-base-font-size\">Harmonogramy form wsparcia:<\/h2>\n\n\n\n<div class=\"wp-block-file\"><a id=\"wp-block-file--media-a0a828a8-b292-4cc0-82a1-ecf46bce94f3\" href=\"https:\/\/eduok.pl\/wp-content\/uploads\/2025\/07\/HFW-FESL.07.02-IZ.01-05GD_23-2025-03-002-1.pdf\" target=\"_blank\" rel=\"noreferrer noopener\">Harmonogram dzia\u0142a\u0144 &#8211; MARZEC 2025<\/a><a href=\"https:\/\/eduok.pl\/wp-content\/uploads\/2025\/07\/HFW-FESL.07.02-IZ.01-05GD_23-2025-03-002-1.pdf\" class=\"wp-block-file__button wp-element-button\" download aria-describedby=\"wp-block-file--media-a0a828a8-b292-4cc0-82a1-ecf46bce94f3\">Pobierz<\/a><\/div>\n\n\n\n<div class=\"wp-block-file\"><a id=\"wp-block-file--media-fd3c0b9d-8b75-4fc0-ba75-71712a40f221\" href=\"https:\/\/eduok.pl\/wp-content\/uploads\/2025\/07\/HFW-FESL.07.02-IZ.01-05GD_23-2025-04-004-2.pdf\" target=\"_blank\" rel=\"noreferrer noopener\">Harmonogram dzia\u0142a\u0144 &#8211; KWIECIE\u0143 2025<\/a><a href=\"https:\/\/eduok.pl\/wp-content\/uploads\/2025\/07\/HFW-FESL.07.02-IZ.01-05GD_23-2025-04-004-2.pdf\" class=\"wp-block-file__button wp-element-button\" download aria-describedby=\"wp-block-file--media-fd3c0b9d-8b75-4fc0-ba75-71712a40f221\">Pobierz<\/a><\/div>\n\n\n\n<div class=\"wp-block-file\"><a id=\"wp-block-file--media-59e721fc-f34f-4d58-aace-c313fe0c7383\" href=\"https:\/\/eduok.pl\/wp-content\/uploads\/2025\/07\/HFW-FESL.07.02-IZ.01-05GD_23-2025-05-004-2.pdf\" target=\"_blank\" rel=\"noreferrer noopener\">Harmonogram dzia\u0142a\u0144 &#8211; MAJ 2025<\/a><a href=\"https:\/\/eduok.pl\/wp-content\/uploads\/2025\/07\/HFW-FESL.07.02-IZ.01-05GD_23-2025-05-004-2.pdf\" class=\"wp-block-file__button wp-element-button\" download aria-describedby=\"wp-block-file--media-59e721fc-f34f-4d58-aace-c313fe0c7383\">Pobierz<\/a><\/div>\n\n\n\n<div class=\"wp-block-file\"><a id=\"wp-block-file--media-de241983-6ecc-4905-ab4c-43130e246036\" href=\"https:\/\/eduok.pl\/wp-content\/uploads\/2025\/07\/HFW-FESL.07.02-IZ.01-05GD_23-2025-06-002-1.pdf\" target=\"_blank\" rel=\"noreferrer noopener\">Harmonogram dzia\u0142a\u0144 &#8211; CZERWIEC 2025<\/a><a href=\"https:\/\/eduok.pl\/wp-content\/uploads\/2025\/07\/HFW-FESL.07.02-IZ.01-05GD_23-2025-06-002-1.pdf\" class=\"wp-block-file__button wp-element-button\" download aria-describedby=\"wp-block-file--media-de241983-6ecc-4905-ab4c-43130e246036\">Pobierz<\/a><\/div>\n\n\n\n<div class=\"wp-block-file\"><a id=\"wp-block-file--media-58962b93-eb6e-4a85-813f-efbc00f39c7d\" href=\"https:\/\/eduok.pl\/wp-content\/uploads\/2025\/09\/HFW-FESL.07.02-IZ.01-05GD_23-2025-07-003.pdf\" target=\"_blank\" rel=\"noreferrer noopener\">Harmonogram dzia\u0142a\u0144 &#8211; LIPIEC 2025<\/a><a href=\"https:\/\/eduok.pl\/wp-content\/uploads\/2025\/09\/HFW-FESL.07.02-IZ.01-05GD_23-2025-07-003.pdf\" class=\"wp-block-file__button wp-element-button\" download aria-describedby=\"wp-block-file--media-58962b93-eb6e-4a85-813f-efbc00f39c7d\">Pobierz<\/a><\/div>\n\n\n\n<div class=\"wp-block-file\"><a id=\"wp-block-file--media-13708fb7-da06-45a2-b5ca-440a42bee9cc\" href=\"https:\/\/eduok.pl\/wp-content\/uploads\/2025\/09\/HFW-FESL.07.02-IZ.01-05GD_23-2025-08-002.pdf\" target=\"_blank\" rel=\"noreferrer noopener\">Harmonogram dzia\u0142a\u0144 &#8211; SIERPIE\u0143 2025<\/a><a href=\"https:\/\/eduok.pl\/wp-content\/uploads\/2025\/09\/HFW-FESL.07.02-IZ.01-05GD_23-2025-08-002.pdf\" class=\"wp-block-file__button wp-element-button\" download aria-describedby=\"wp-block-file--media-13708fb7-da06-45a2-b5ca-440a42bee9cc\">Pobierz<\/a><\/div>\n\n\n\n<div class=\"wp-block-file\"><a id=\"wp-block-file--media-37476e04-2f76-44d1-b2f7-8d03d68e9f1a\" href=\"https:\/\/eduok.pl\/wp-content\/uploads\/2025\/09\/HFW-FESL.07.02-IZ.01-05GD_23-2025-09-004.pdf\" target=\"_blank\" rel=\"noreferrer noopener\">Harmonogram dzia\u0142a\u0144 &#8211; WRZESIE\u0143 2025<\/a><a href=\"https:\/\/eduok.pl\/wp-content\/uploads\/2025\/09\/HFW-FESL.07.02-IZ.01-05GD_23-2025-09-004.pdf\" class=\"wp-block-file__button wp-element-button\" download aria-describedby=\"wp-block-file--media-37476e04-2f76-44d1-b2f7-8d03d68e9f1a\">Pobierz<\/a><\/div>\n\n\n\n<div class=\"wp-block-file\"><a id=\"wp-block-file--media-2196afd0-57bd-41dd-80c4-0a1a39827a2f\" href=\"https:\/\/eduok.pl\/wp-content\/uploads\/2025\/09\/HFW-FESL.07.02-IZ.01-05GD_23-2025-10-001.pdf\" target=\"_blank\" rel=\"noreferrer noopener\">Harmonogram dzia\u0142a\u0144 &#8211; PA\u0179DZIERNIK 2025<\/a><a href=\"https:\/\/eduok.pl\/wp-content\/uploads\/2025\/09\/HFW-FESL.07.02-IZ.01-05GD_23-2025-10-001.pdf\" class=\"wp-block-file__button wp-element-button\" download aria-describedby=\"wp-block-file--media-2196afd0-57bd-41dd-80c4-0a1a39827a2f\">Pobierz<\/a><\/div>\n\n\n\n<div class=\"wp-block-file\"><a id=\"wp-block-file--media-09e2801b-2be8-427e-b14f-b06bd658de2c\" href=\"https:\/\/eduok.pl\/wp-content\/uploads\/2026\/01\/HFW-FESL.07.02-IZ.01-05GD_23-2025-11-001.pdf\" target=\"_blank\" rel=\"noreferrer noopener\">Harmonogram dzia\u0142a\u0144 &#8211; LISTOPAD 2025<\/a><a href=\"https:\/\/eduok.pl\/wp-content\/uploads\/2026\/01\/HFW-FESL.07.02-IZ.01-05GD_23-2025-11-001.pdf\" class=\"wp-block-file__button wp-element-button\" download aria-describedby=\"wp-block-file--media-09e2801b-2be8-427e-b14f-b06bd658de2c\">Pobierz<\/a><\/div>\n\n\n\n<div class=\"wp-block-file\"><a id=\"wp-block-file--media-12f6d202-e7ef-41c7-9b1d-c839302a0e32\" href=\"https:\/\/eduok.pl\/wp-content\/uploads\/2026\/01\/HFW-FESL.07.02-IZ.01-05GD_23-2025-12-005.pdf\" target=\"_blank\" rel=\"noreferrer noopener\">Harmonogram dzia\u0142a\u0144 &#8211; GRUDZIE\u0143 2025<\/a><a href=\"https:\/\/eduok.pl\/wp-content\/uploads\/2026\/01\/HFW-FESL.07.02-IZ.01-05GD_23-2025-12-005.pdf\" class=\"wp-block-file__button wp-element-button\" download aria-describedby=\"wp-block-file--media-12f6d202-e7ef-41c7-9b1d-c839302a0e32\">Pobierz<\/a><\/div>\n\n\n\n<div class=\"wp-block-file\"><a id=\"wp-block-file--media-b02a757e-4f13-4c3e-9fa3-f4d3474f01a5\" href=\"https:\/\/eduok.pl\/wp-content\/uploads\/2026\/02\/HFW-FESL.07.02-IZ.01-05GD_23-2026-01-004.pdf\" target=\"_blank\" rel=\"noreferrer noopener\">Harmonogram dzia\u0142a\u0144 &#8211; STYCZE\u0143 2026<\/a><a href=\"https:\/\/eduok.pl\/wp-content\/uploads\/2026\/02\/HFW-FESL.07.02-IZ.01-05GD_23-2026-01-004.pdf\" class=\"wp-block-file__button wp-element-button\" download aria-describedby=\"wp-block-file--media-b02a757e-4f13-4c3e-9fa3-f4d3474f01a5\">Pobierz<\/a><\/div>\n\n\n\n<div class=\"wp-block-file\"><a id=\"wp-block-file--media-b46ea1ba-7076-405f-818c-e91bbfff80f8\" href=\"https:\/\/eduok.pl\/wp-content\/uploads\/2026\/03\/HFW-FESL.07.02-IZ.01-05GD_23-2026-02-003.pdf\">Harmonogram dzia\u0142a\u0144 &#8211; LUTY 2026<\/a><a href=\"https:\/\/eduok.pl\/wp-content\/uploads\/2026\/03\/HFW-FESL.07.02-IZ.01-05GD_23-2026-02-003.pdf\" class=\"wp-block-file__button wp-element-button\" download aria-describedby=\"wp-block-file--media-b46ea1ba-7076-405f-818c-e91bbfff80f8\">Pobierz<\/a><\/div>\n","protected":false},"excerpt":{"rendered":"<p>Zapraszamy do udzia\u0142u w projekcie&nbsp;\u201eRazem aktywnie w integracj\u0119\u201d&nbsp;realizowanym przez Stowarzyszenie Pomocy Wzajemnej \u201eBy\u0107 Razem\u201d. Projekt skierowany jest do os\u00f3b zagro\u017conych ub\u00f3stwem lub wykluczeniem spo\u0142ecznym, zamieszkuj\u0105cych teren Powiatu Cieszy\u0144skiego. Udzia\u0142 w projekcie jest ca\u0142kowicie bezp\u0142atny. W ramach projektu oferujemy: Projekt dofinansowany w ramach Priorytetu VII Fundusze Europejskie dla spo\u0142ecze\u0144stwa, Dzia\u0142anie 7.2 Aktywna integracja Programu Fundusze Europejskie [&hellip;]<\/p>\n","protected":false},"author":1,"featured_media":0,"parent":0,"menu_order":0,"comment_status":"closed","ping_status":"closed","template":"","meta":{"footnotes":""},"class_list":["post-354","page","type-page","status-publish","hentry"],"_links":{"self":[{"href":"https:\/\/eduok.pl\/index.php\/wp-json\/wp\/v2\/pages\/354","targetHints":{"allow":["GET"]}}],"collection":[{"href":"https:\/\/eduok.pl\/index.php\/wp-json\/wp\/v2\/pages"}],"about":[{"href":"https:\/\/eduok.pl\/index.php\/wp-json\/wp\/v2\/types\/page"}],"author":[{"embeddable":true,"href":"https:\/\/eduok.pl\/index.php\/wp-json\/wp\/v2\/users\/1"}],"replies":[{"embeddable":true,"href":"https:\/\/eduok.pl\/index.php\/wp-json\/wp\/v2\/comments?post=354"}],"version-history":[{"count":12,"href":"https:\/\/eduok.pl\/index.php\/wp-json\/wp\/v2\/pages\/354\/revisions"}],"predecessor-version":[{"id":517,"href":"https:\/\/eduok.pl\/index.php\/wp-json\/wp\/v2\/pages\/354\/revisions\/517"}],"wp:attachment":[{"href":"https:\/\/eduok.pl\/index.php\/wp-json\/wp\/v2\/media?parent=354"}],"curies":[{"name":"wp","href":"https:\/\/api.w.org\/{rel}","templated":true}]}}