{"id":482,"date":"2025-11-04T13:53:03","date_gmt":"2025-11-04T12:53:03","guid":{"rendered":"https:\/\/eduok.pl\/index.php\/?page_id=482"},"modified":"2025-11-04T13:59:42","modified_gmt":"2025-11-04T12:59:42","slug":"materialy-szkoleniowe-2","status":"publish","type":"page","link":"https:\/\/eduok.pl\/index.php\/materialy-szkoleniowe-2\/","title":{"rendered":"Materia\u0142y szkoleniowe"},"content":{"rendered":"\n<p>Zapraszamy wszystkich zainteresowanych do pobierania&nbsp;materia\u0142\u00f3w szkoleniowych.<br>Materia\u0142y dotycz\u0105 wszystkich rozpocz\u0119tych modu\u0142\u00f3w szkole\u0144 grupowych realizowanych w ramach projektu.<\/p>\n\n\n\n<div class=\"wp-block-file\"><a id=\"wp-block-file--media-8738b433-b182-4284-bb20-71c5318b5cff\" href=\"https:\/\/eduok.pl\/wp-content\/uploads\/2025\/11\/Materialy-szkoleniowe-Cieszyn.zip\">Materia\u0142y szkoleniowe Cieszyn.zip<\/a><a href=\"https:\/\/eduok.pl\/wp-content\/uploads\/2025\/11\/Materialy-szkoleniowe-Cieszyn.zip\" class=\"wp-block-file__button wp-element-button\" download aria-describedby=\"wp-block-file--media-8738b433-b182-4284-bb20-71c5318b5cff\">Pobierz ZIP<\/a><\/div>\n","protected":false},"excerpt":{"rendered":"<p>Zapraszamy wszystkich zainteresowanych do pobierania&nbsp;materia\u0142\u00f3w szkoleniowych.Materia\u0142y dotycz\u0105 wszystkich rozpocz\u0119tych modu\u0142\u00f3w szkole\u0144 grupowych realizowanych w ramach projektu.<\/p>\n","protected":false},"author":1,"featured_media":0,"parent":0,"menu_order":0,"comment_status":"closed","ping_status":"closed","template":"","meta":{"footnotes":""},"class_list":["post-482","page","type-page","status-publish","hentry"],"_links":{"self":[{"href":"https:\/\/eduok.pl\/index.php\/wp-json\/wp\/v2\/pages\/482","targetHints":{"allow":["GET"]}}],"collection":[{"href":"https:\/\/eduok.pl\/index.php\/wp-json\/wp\/v2\/pages"}],"about":[{"href":"https:\/\/eduok.pl\/index.php\/wp-json\/wp\/v2\/types\/page"}],"author":[{"embeddable":true,"href":"https:\/\/eduok.pl\/index.php\/wp-json\/wp\/v2\/users\/1"}],"replies":[{"embeddable":true,"href":"https:\/\/eduok.pl\/index.php\/wp-json\/wp\/v2\/comments?post=482"}],"version-history":[{"count":3,"href":"https:\/\/eduok.pl\/index.php\/wp-json\/wp\/v2\/pages\/482\/revisions"}],"predecessor-version":[{"id":487,"href":"https:\/\/eduok.pl\/index.php\/wp-json\/wp\/v2\/pages\/482\/revisions\/487"}],"wp:attachment":[{"href":"https:\/\/eduok.pl\/index.php\/wp-json\/wp\/v2\/media?parent=482"}],"curies":[{"name":"wp","href":"https:\/\/api.w.org\/{rel}","templated":true}]}}