{"id":84,"date":"2013-05-08T11:30:55","date_gmt":"2013-05-08T09:30:55","guid":{"rendered":"http:\/\/eduok.pl\/index.php\/?page_id=84"},"modified":"2013-05-08T11:30:55","modified_gmt":"2013-05-08T09:30:55","slug":"zarzadzanie-finansami-tworzenie-i-realizacja-budzetu-domowego","status":"publish","type":"page","link":"https:\/\/eduok.pl\/index.php\/zarzadzanie-finansami-tworzenie-i-realizacja-budzetu-domowego\/","title":{"rendered":"Zarz\u0105dzanie finansami.  Tworzenie i realizacja bud\u017cetu domowego."},"content":{"rendered":"<p style=\"text-align: left;\" align=\"center\"><strong style=\"font-size: 1em; line-height: 1.25em;\">Cele szkolenia:<\/strong><\/p>\n<p>Podniesienie kompetencji pracy indywidualnej i grupowej z klientem w zakresie zarz\u0105dzania finansami osobistymi oraz planowania i realizacji bud\u017cetu domowego.<\/p>\n<p><strong style=\"font-size: 1em; line-height: 1.25em;\">Adresaci:<\/strong><\/p>\n<ul>\n<li>pracownicy systemu opieki spo\u0142ecznej (w tym m.in.: pracownicy socjalni, asystenci rodzin, pracownicy o\u015brodk\u00f3w wsparcia rodziny, plac\u00f3wek opieku\u0144czo-wychowawczych, powiatowego centrum pomocy rodzinie, opiekunki\/owie dzieci rodzin zast\u0119pczych).<\/li>\n<li>pedagodzy szkolni, nauczyciele,<\/li>\n<li>reprezentanci organizacji pozarz\u0105dowych (w tym stowarzysze\u0144, fundacji, organizacji ko\u015bcielnych, itp.),<\/li>\n<li>pracownicy \u015bwietlic (osiedlowych, wiejskich, socjoterapeutycznych) oraz klub\u00f3w,<\/li>\n<li>pracownicy Ochotniczych Hufc\u00f3w Pracy,<\/li>\n<li>dzia\u0142acze organizacji harcerskich,<\/li>\n<li>pracownicy instytucji kultury (w tym m.in. dom\u00f3w i centr\u00f3w kultury, bibliotek i muze\u00f3w);<\/li>\n<li>przedstawiciele r\u00f3\u017cnej wielko\u015bci firm, pracownicy dzia\u0142\u00f3w HR,<\/li>\n<li>przedstawiciele organizacji studenckich,<\/li>\n<li>liderzy lokalni,<\/li>\n<li>inne osoby prowadz\u0105ce dzia\u0142alno\u015b\u0107 w \u015brodowisku lokalnym.<\/li>\n<\/ul>\n<p><strong style=\"font-size: 1em; line-height: 1.25em;\">Korzy\u015bci dla uczestnika:<\/strong><\/p>\n<p>Nabycie i rozw\u00f3j umiej\u0119tno\u015bci merytorycznych i metodycznych pracy z osobami indywidualnymi i rodzinami (w tym dysfunkcyjnymi) do racjonalnego, odpowiedzialnego i \u015bwiadomego dysponowania \u015brodkami finansowymi.<\/p>\n<p><strong style=\"font-size: 1em; line-height: 1.25em;\">Korzy\u015bci dla podmiotu kieruj\u0105cego:<\/strong><\/p>\n<p>Zwi\u0119kszenie skuteczno\u015bci oddzia\u0142ywania w miejscu pracy (\u015brodowisku lokalnym).<\/p>\n<p><strong style=\"font-size: 1em; line-height: 1.25em;\">Metody szkolenia:<\/strong><\/p>\n<p>Szkolenie prowadzone jest metodami aktywizuj\u0105cymi uczestnik\u00f3w, ponadto etiudy trenerskie, metoda VIT, superwizja (na \u017cyczenie).<\/p>\n<p><strong style=\"font-size: 1em; line-height: 1.25em;\">Poruszane zagadnienia:<\/strong><\/p>\n<ul>\n<li>planowanie i realizacja bud\u017cetu domowego,<\/li>\n<li>wyznaczanie cel\u00f3w finansowych i ich osi\u0105ganie,<\/li>\n<li>\u015bwiadomy dob\u00f3r narz\u0119dzi oszcz\u0119dzania,<\/li>\n<li>przygotowanie na nag\u0142e, nieplanowane wydatki,<\/li>\n<li>\u015bwiadome, bezpieczne korzystanie z kredyt\u00f3w,<\/li>\n<li>efektywne wykorzystanie \u015brodk\u00f3w materialnych,<\/li>\n<li>racjonalne korzystanie z zasob\u00f3w i d\u00f3br,<\/li>\n<li>wykorzystanie dobrych praktyk zarz\u0105dzania finansami,<\/li>\n<li>zastosowanie metod aktywizuj\u0105cych w pracy z doros\u0142ymi.<\/li>\n<\/ul>\n<p><strong style=\"font-size: 1em; line-height: 1.25em;\">Czas trwania:<\/strong><\/p>\n<p>48 godz. dydaktycznych (6 dni po 8 godz. dydaktycznych), preferowane po 3 dni zaj\u0119\u0107 w kolejnych tygodniach.<\/p>\n<p><span style=\"font-size: 1em; line-height: 1.25em;\">Je\u015bli jeste\u015b zainteresowany tym szkoleniem lub masz pytania, prosimy o kontakt z nami: <\/span><a style=\"font-size: 1em; line-height: 1.25em;\" href=\"mailto:eduok@eduok.pl\">eduok@eduok.pl<\/a><\/p>\n<p><strong>\u00a0<\/strong><\/p>\n","protected":false},"excerpt":{"rendered":"<p>Cele szkolenia: Podniesienie kompetencji pracy indywidualnej i grupowej z klientem w zakresie zarz\u0105dzania finansami osobistymi oraz planowania i realizacji bud\u017cetu domowego. Adresaci: pracownicy systemu opieki spo\u0142ecznej (w tym m.in.: pracownicy socjalni, asystenci rodzin, pracownicy o\u015brodk\u00f3w wsparcia rodziny, plac\u00f3wek opieku\u0144czo-wychowawczych, powiatowego centrum pomocy rodzinie, opiekunki\/owie dzieci rodzin zast\u0119pczych). pedagodzy szkolni, nauczyciele, reprezentanci organizacji pozarz\u0105dowych (w tym [&hellip;]<\/p>\n","protected":false},"author":1,"featured_media":0,"parent":0,"menu_order":0,"comment_status":"open","ping_status":"open","template":"","meta":{"footnotes":""},"class_list":["post-84","page","type-page","status-publish","hentry"],"_links":{"self":[{"href":"https:\/\/eduok.pl\/index.php\/wp-json\/wp\/v2\/pages\/84","targetHints":{"allow":["GET"]}}],"collection":[{"href":"https:\/\/eduok.pl\/index.php\/wp-json\/wp\/v2\/pages"}],"about":[{"href":"https:\/\/eduok.pl\/index.php\/wp-json\/wp\/v2\/types\/page"}],"author":[{"embeddable":true,"href":"https:\/\/eduok.pl\/index.php\/wp-json\/wp\/v2\/users\/1"}],"replies":[{"embeddable":true,"href":"https:\/\/eduok.pl\/index.php\/wp-json\/wp\/v2\/comments?post=84"}],"version-history":[{"count":1,"href":"https:\/\/eduok.pl\/index.php\/wp-json\/wp\/v2\/pages\/84\/revisions"}],"predecessor-version":[{"id":85,"href":"https:\/\/eduok.pl\/index.php\/wp-json\/wp\/v2\/pages\/84\/revisions\/85"}],"wp:attachment":[{"href":"https:\/\/eduok.pl\/index.php\/wp-json\/wp\/v2\/media?parent=84"}],"curies":[{"name":"wp","href":"https:\/\/api.w.org\/{rel}","templated":true}]}}