{"id":88,"date":"2013-05-08T11:32:48","date_gmt":"2013-05-08T09:32:48","guid":{"rendered":"http:\/\/eduok.pl\/index.php\/?page_id=88"},"modified":"2013-05-08T11:32:48","modified_gmt":"2013-05-08T09:32:48","slug":"rozwiazywanie-problemow-i-podejmowanie-decyzji","status":"publish","type":"page","link":"https:\/\/eduok.pl\/index.php\/rozwiazywanie-problemow-i-podejmowanie-decyzji\/","title":{"rendered":"Rozwi\u0105zywanie problem\u00f3w i podejmowanie decyzji"},"content":{"rendered":"<p style=\"text-align: justify;\" align=\"center\"><strong style=\"font-size: 1em; line-height: 1.25em;\">Cele szkolenia:<\/strong><\/p>\n<p style=\"text-align: justify;\">Doskonalenie i rozw\u00f3j umiej\u0119tno\u015bci zwi\u0105zanych z dostrzeganiem problem\u00f3w, ich formu\u0142owaniem, analiz\u0105, tw\u00f3rczym poszukiwaniem rozwi\u0105za\u0144 i ich ocen\u0105, analiz\u0105 procesu decyzyjnego. Kszta\u0142towanie postawy otwarto\u015bci na poszukiwanie rozwi\u0105za\u0144 i postrzegania problem\u00f3w jako inspiracji do tworzenia nowych rozwi\u0105za\u0144, post\u0119pu.<\/p>\n<p style=\"text-align: justify;\"><strong style=\"font-size: 1em; line-height: 1.25em;\">Adresaci:<\/strong><\/p>\n<p style=\"text-align: justify;\">Osoby, kt\u00f3rych praca zwi\u0105zana jest z konieczno\u015bci\u0105 definiowania, diagnozowania problem\u00f3w, poszukiwaniem rozwi\u0105za\u0144 i ich wdro\u017ceniem.<\/p>\n<p style=\"text-align: justify;\"><strong style=\"font-size: 1em; line-height: 1.25em;\">Korzy\u015bci dla uczestnika:<\/strong><\/p>\n<p style=\"text-align: justify;\">Poznanie i nabycie umiej\u0119tno\u015bci wykorzystania technik formu\u0142owania problemu, diagnozy przyczyn, poszukiwania rozwi\u0105za\u0144 &#8211; ich analizy i wyboru optymalnego.<\/p>\n<p style=\"text-align: justify;\"><strong style=\"font-size: 1em; line-height: 1.25em;\">Korzy\u015bci dla podmiotu kieruj\u0105cego:<\/strong><\/p>\n<p style=\"text-align: justify;\">Wzrost skuteczno\u015bci rozwi\u0105zywania problem\u00f3w, wdra\u017canie efektywniejszych rozwi\u0105za\u0144.<\/p>\n<p style=\"text-align: justify;\"><strong style=\"font-size: 1em; line-height: 1.25em;\">Metody szkolenia:<\/strong><\/p>\n<p style=\"text-align: justify;\">Szkolenie prowadzone jest metod\u0105 warsztatow\u0105, uczestnicy w praktyce stosuj\u0105 techniki i narz\u0119dzia, analizuj\u0105 studium przypadku, rozwi\u0105zuj\u0105 zadania. Po testowaniu ka\u017cdej techniki i narz\u0119dzia nast\u0119puje refleksja metodyczna dot. sytuacji w kt\u00f3rych oka\u017c\u0105 si\u0119 najbardziej przydatne.<\/p>\n<p style=\"text-align: justify;\"><strong style=\"font-size: 1em; line-height: 1.25em;\">Poruszane zagadnienia:<\/strong><\/p>\n<ol style=\"text-align: justify;\" start=\"1\">\n<li>Umys\u0142, emocje, normy moralne, warto\u015bci, interesy, wychowanie.<\/li>\n<li>Dostrzeganie problem\u00f3w, ich definiowanie.<\/li>\n<li>Zdobywanie, dob\u00f3r, selekcja informacji.<\/li>\n<li>Techniki poszukiwania rozwi\u0105za\u0144.<\/li>\n<li>Dob\u00f3r kryteri\u00f3w oceny, analiza pomys\u0142\u00f3w.<\/li>\n<li>Konsultacje mo\u017cliwych rozwi\u0105za\u0144 i podj\u0119cie decyzji.<\/li>\n<li>My\u015blenie \u015bwiadome, wertykalne i lateralne.<\/li>\n<\/ol>\n<p style=\"text-align: justify;\"><strong style=\"font-size: 1em; line-height: 1.25em;\">Czas trwania:<\/strong><\/p>\n<p style=\"text-align: justify;\">14 godz. dydaktycznych, optymalnie dwa kolejne dni.<\/p>\n<p style=\"text-align: justify;\"><span style=\"font-size: 1em; line-height: 1.25em;\">Je\u015bli jeste\u015b zainteresowany tym szkoleniem lub masz pytania, prosimy o kontakt z nami: <\/span><a style=\"font-size: 1em; line-height: 1.25em;\" href=\"mailto:eduok@eduok.pl\">eduok@eduok.pl<\/a><\/p>\n<p style=\"text-align: justify;\">\n","protected":false},"excerpt":{"rendered":"<p>Cele szkolenia: Doskonalenie i rozw\u00f3j umiej\u0119tno\u015bci zwi\u0105zanych z dostrzeganiem problem\u00f3w, ich formu\u0142owaniem, analiz\u0105, tw\u00f3rczym poszukiwaniem rozwi\u0105za\u0144 i ich ocen\u0105, analiz\u0105 procesu decyzyjnego. Kszta\u0142towanie postawy otwarto\u015bci na poszukiwanie rozwi\u0105za\u0144 i postrzegania problem\u00f3w jako inspiracji do tworzenia nowych rozwi\u0105za\u0144, post\u0119pu. Adresaci: Osoby, kt\u00f3rych praca zwi\u0105zana jest z konieczno\u015bci\u0105 definiowania, diagnozowania problem\u00f3w, poszukiwaniem rozwi\u0105za\u0144 i ich wdro\u017ceniem. Korzy\u015bci [&hellip;]<\/p>\n","protected":false},"author":1,"featured_media":0,"parent":0,"menu_order":0,"comment_status":"open","ping_status":"open","template":"","meta":{"footnotes":""},"class_list":["post-88","page","type-page","status-publish","hentry"],"_links":{"self":[{"href":"https:\/\/eduok.pl\/index.php\/wp-json\/wp\/v2\/pages\/88","targetHints":{"allow":["GET"]}}],"collection":[{"href":"https:\/\/eduok.pl\/index.php\/wp-json\/wp\/v2\/pages"}],"about":[{"href":"https:\/\/eduok.pl\/index.php\/wp-json\/wp\/v2\/types\/page"}],"author":[{"embeddable":true,"href":"https:\/\/eduok.pl\/index.php\/wp-json\/wp\/v2\/users\/1"}],"replies":[{"embeddable":true,"href":"https:\/\/eduok.pl\/index.php\/wp-json\/wp\/v2\/comments?post=88"}],"version-history":[{"count":1,"href":"https:\/\/eduok.pl\/index.php\/wp-json\/wp\/v2\/pages\/88\/revisions"}],"predecessor-version":[{"id":89,"href":"https:\/\/eduok.pl\/index.php\/wp-json\/wp\/v2\/pages\/88\/revisions\/89"}],"wp:attachment":[{"href":"https:\/\/eduok.pl\/index.php\/wp-json\/wp\/v2\/media?parent=88"}],"curies":[{"name":"wp","href":"https:\/\/api.w.org\/{rel}","templated":true}]}}