{"id":92,"date":"2013-05-08T11:34:36","date_gmt":"2013-05-08T09:34:36","guid":{"rendered":"http:\/\/eduok.pl\/index.php\/?page_id=92"},"modified":"2013-05-08T11:34:36","modified_gmt":"2013-05-08T09:34:36","slug":"trening-kreatywnosci","status":"publish","type":"page","link":"https:\/\/eduok.pl\/index.php\/trening-kreatywnosci\/","title":{"rendered":"Trening kreatywno\u015bci"},"content":{"rendered":"<p style=\"text-align: left;\" align=\"center\"><strong style=\"font-size: 1em; line-height: 1.25em;\">Cele szkolenia:<\/strong><\/p>\n<p>Prze\u0142amanie barier schematycznego my\u015blenia, powielania typowych rozwi\u0105za\u0144, nabycie umiej\u0119tno\u015bci wykorzystania technik u\u0142awiaj\u0105cych generowanie nowych pomys\u0142\u00f3w.<\/p>\n<p><strong style=\"font-size: 1em; line-height: 1.25em;\">Adresaci:<\/strong><\/p>\n<p>Osoby, kt\u00f3re chc\u0105 naby\u0107 umiej\u0119tno\u015b\u0107 szerszego spojrzenia, z r\u00f3\u017cnych perspektyw na codzienne zagadnienia, zwi\u0119kszy\u0107 wykorzystania swojego umys\u0142u, pragn\u0105ce lepiej wykorzysta\u0107 potencja\u0142 intelektualny swoich pracownik\u00f3w.<\/p>\n<p><strong style=\"font-size: 1em; line-height: 1.25em;\">Korzy\u015bci dla uczestnika:<\/strong><\/p>\n<p>Poznanie technik stymulowania umys\u0142u do tworzenia nowych kombinacji, prze\u0142amywania schemat\u00f3w.<\/p>\n<p><strong style=\"font-size: 1em; line-height: 1.25em;\">Korzy\u015bci dla podmiotu kieruj\u0105cego:<\/strong><\/p>\n<p>Mo\u017cliwo\u015b\u0107 opracowania i wdro\u017cenia nowych rozwi\u0105za\u0144, produkt\u00f3w, skutkuj\u0105ce zwi\u0119kszeniem konkurencyjno\u015bci, obni\u017ceniem koszt\u00f3w, usprawnieniem organizacji, umocnieniem pozycji rynkowej.<\/p>\n<p><strong style=\"font-size: 1em; line-height: 1.25em;\">Metody szkolenia:<\/strong><\/p>\n<p>Szkolenie prowadzone jest metod\u0105 warsztatow\u0105, uczestnicy w praktyce stosuj\u0105 techniki i narz\u0119dzia, rozwi\u0105zuj\u0105 zadania wykraczaj\u0105ce poza typowy proces my\u015blowy.<\/p>\n<p><strong style=\"font-size: 1em; line-height: 1.25em;\">Poruszane zagadnienia:<\/strong><\/p>\n<ol start=\"1\">\n<li>My\u015blenie \u015bwiadome, wertykalne i lateralne.<\/li>\n<li>Rozumowanie indukcyjne.<\/li>\n<li>Zab\u00f3jcy pomys\u0142\u00f3w.<\/li>\n<li>Zagadnienie tw\u00f3rczo\u015bci.<\/li>\n<li>Bariery ograniczaj\u0105ce kreatywno\u015b\u0107.<\/li>\n<li>Techniki kreatywnego my\u015blenia: Metoda sze\u015bciu pyta\u0144, Circept, Krzes\u0142a Disneya, Metoda listy ABC, Kapelusze my\u015blowe de Bono, Fiszki Crawforda, Mapa my\u015blowa, Metoda pytania \u201edlaczego\u201d<\/li>\n<\/ol>\n<p><strong style=\"font-size: 1em; line-height: 1.25em;\">Czas trwania:<\/strong><\/p>\n<p>14 godz. dydaktycznych, optymalnie dwa kolejne dni.<\/p>\n<p><span style=\"font-size: 1em; line-height: 1.25em;\">Je\u015bli jeste\u015b zainteresowany tym szkoleniem lub masz pytania, prosimy o kontakt z nami: <\/span><a style=\"font-size: 1em; line-height: 1.25em;\" href=\"mailto:eduok@eduok.pl\">eduok@eduok.pl<\/a><\/p>\n<p>&nbsp;<\/p>\n<p>&nbsp;<\/p>\n","protected":false},"excerpt":{"rendered":"<p>Cele szkolenia: Prze\u0142amanie barier schematycznego my\u015blenia, powielania typowych rozwi\u0105za\u0144, nabycie umiej\u0119tno\u015bci wykorzystania technik u\u0142awiaj\u0105cych generowanie nowych pomys\u0142\u00f3w. Adresaci: Osoby, kt\u00f3re chc\u0105 naby\u0107 umiej\u0119tno\u015b\u0107 szerszego spojrzenia, z r\u00f3\u017cnych perspektyw na codzienne zagadnienia, zwi\u0119kszy\u0107 wykorzystania swojego umys\u0142u, pragn\u0105ce lepiej wykorzysta\u0107 potencja\u0142 intelektualny swoich pracownik\u00f3w. Korzy\u015bci dla uczestnika: Poznanie technik stymulowania umys\u0142u do tworzenia nowych kombinacji, prze\u0142amywania schemat\u00f3w. [&hellip;]<\/p>\n","protected":false},"author":1,"featured_media":0,"parent":0,"menu_order":0,"comment_status":"open","ping_status":"open","template":"","meta":{"footnotes":""},"class_list":["post-92","page","type-page","status-publish","hentry"],"_links":{"self":[{"href":"https:\/\/eduok.pl\/index.php\/wp-json\/wp\/v2\/pages\/92","targetHints":{"allow":["GET"]}}],"collection":[{"href":"https:\/\/eduok.pl\/index.php\/wp-json\/wp\/v2\/pages"}],"about":[{"href":"https:\/\/eduok.pl\/index.php\/wp-json\/wp\/v2\/types\/page"}],"author":[{"embeddable":true,"href":"https:\/\/eduok.pl\/index.php\/wp-json\/wp\/v2\/users\/1"}],"replies":[{"embeddable":true,"href":"https:\/\/eduok.pl\/index.php\/wp-json\/wp\/v2\/comments?post=92"}],"version-history":[{"count":1,"href":"https:\/\/eduok.pl\/index.php\/wp-json\/wp\/v2\/pages\/92\/revisions"}],"predecessor-version":[{"id":93,"href":"https:\/\/eduok.pl\/index.php\/wp-json\/wp\/v2\/pages\/92\/revisions\/93"}],"wp:attachment":[{"href":"https:\/\/eduok.pl\/index.php\/wp-json\/wp\/v2\/media?parent=92"}],"curies":[{"name":"wp","href":"https:\/\/api.w.org\/{rel}","templated":true}]}}