{"id":96,"date":"2013-05-08T11:45:20","date_gmt":"2013-05-08T09:45:20","guid":{"rendered":"http:\/\/eduok.pl\/index.php\/?page_id=96"},"modified":"2013-05-08T20:37:08","modified_gmt":"2013-05-08T18:37:08","slug":"zorientowanie-na-osiagniecia","status":"publish","type":"page","link":"https:\/\/eduok.pl\/index.php\/zorientowanie-na-osiagniecia\/","title":{"rendered":"Zorientowanie na osi\u0105gni\u0119cia"},"content":{"rendered":"<p><strong>Cele szkolenia:<\/strong><\/p>\n<p>Doskonalenie i rozw\u00f3j umiej\u0119tno\u015bci planowania indywidualnej \u015bcie\u017cki rozwoju, doboru kadr do realizacji wyznaczonych cel\u00f3w, analizy predyspozycji cz\u0142onk\u00f3w zespo\u0142u i ich pe\u0142nego wykorzystania, automotywacji i motywowania innych os\u00f3b.<\/p>\n<p><strong>Adresaci:<\/strong><\/p>\n<p>Osoby pragn\u0105ce zaplanowa\u0107 \u015bcie\u017ck\u0119 kariery zawodowej, kierowa\u0107 w\u0142asnym rozwojem, motywowa\u0107 innych do rozwoju zawodowego, kierownicy (szefowie, liderzy) zespo\u0142\u00f3w.<\/p>\n<p><strong>Korzy\u015bci dla uczestnika:<\/strong><\/p>\n<p>Zwi\u0119kszenie \u015bwiadomo\u015bci wp\u0142ywu na swoj\u0105 pozycj\u0119 zawodow\u0105, satysfakcj\u0119 z pracy, wzrost samooceny.<\/p>\n<p><strong>Korzy\u015bci dla podmiotu kieruj\u0105cego:<\/strong><\/p>\n<p>Zwi\u0119kszenie motywacji, mo\u017cliwo\u015b\u0107 efektywniejszego wykorzystania predyspozycji i kwalifikacji pracownik\u00f3w.<\/p>\n<p><strong>Metody szkolenia:<\/strong><\/p>\n<p>Szkolenie prowadzone jest metod\u0105 warsztatow\u0105, uczestnicy wykonuj\u0105 szereg \u0107wicze\u0144 indywidualnych i grupowych na podstawie kt\u00f3rych formu\u0142owane s\u0105 wnioski s\u0142u\u017c\u0105ce uog\u00f3lnianiu i odniesieniu do codziennych sytuacji zawodowych oraz podstaw naukowych. Uzyskuj\u0105 wsparcie doradcy zawodowego.<\/p>\n<p><strong>Poruszane zagadnienia:<\/strong><\/p>\n<ol>\n<li>Potrzeba osi\u0105gni\u0119\u0107.<\/li>\n<li>Okre\u015blanie predyspozycji osobowych.<\/li>\n<li>Czynniki motywuj\u0105ce i demotywuj\u0105ce.<\/li>\n<li>Automotywacja i motywowanie wsp\u00f3\u0142pracownik\u00f3w.<\/li>\n<li>Planowanie indywidualnej \u015bcie\u017cki rozwoju.<\/li>\n<li>Cele i kultura organizacyjna a hierarchia warto\u015bci.<\/li>\n<li>Tworzenie zespo\u0142\u00f3w zadaniowych.<\/li>\n<\/ol>\n<p><strong>Czas trwania:<\/strong><\/p>\n<p>14 godz. dydaktycznych, optymalnie dwa kolejne dni.<\/p>\n<p>Je\u015bli jeste\u015b zainteresowany tym szkoleniem lub masz pytania, prosimy o kontakt z nami:\u00a0<a href=\"https:\/\/mail.google.com\/mail\/?view=cm&amp;fs=1&amp;tf=1&amp;to=eduok@eduok.pl\" target=\"_blank\">eduok@eduok.pl<\/a><\/p>\n","protected":false},"excerpt":{"rendered":"<p>Cele szkolenia: Doskonalenie i rozw\u00f3j umiej\u0119tno\u015bci planowania indywidualnej \u015bcie\u017cki rozwoju, doboru kadr do realizacji wyznaczonych cel\u00f3w, analizy predyspozycji cz\u0142onk\u00f3w zespo\u0142u i ich pe\u0142nego wykorzystania, automotywacji i motywowania innych os\u00f3b. Adresaci: Osoby pragn\u0105ce zaplanowa\u0107 \u015bcie\u017ck\u0119 kariery zawodowej, kierowa\u0107 w\u0142asnym rozwojem, motywowa\u0107 innych do rozwoju zawodowego, kierownicy (szefowie, liderzy) zespo\u0142\u00f3w. Korzy\u015bci dla uczestnika: Zwi\u0119kszenie \u015bwiadomo\u015bci wp\u0142ywu na [&hellip;]<\/p>\n","protected":false},"author":1,"featured_media":0,"parent":0,"menu_order":0,"comment_status":"open","ping_status":"open","template":"","meta":{"footnotes":""},"class_list":["post-96","page","type-page","status-publish","hentry"],"_links":{"self":[{"href":"https:\/\/eduok.pl\/index.php\/wp-json\/wp\/v2\/pages\/96","targetHints":{"allow":["GET"]}}],"collection":[{"href":"https:\/\/eduok.pl\/index.php\/wp-json\/wp\/v2\/pages"}],"about":[{"href":"https:\/\/eduok.pl\/index.php\/wp-json\/wp\/v2\/types\/page"}],"author":[{"embeddable":true,"href":"https:\/\/eduok.pl\/index.php\/wp-json\/wp\/v2\/users\/1"}],"replies":[{"embeddable":true,"href":"https:\/\/eduok.pl\/index.php\/wp-json\/wp\/v2\/comments?post=96"}],"version-history":[{"count":3,"href":"https:\/\/eduok.pl\/index.php\/wp-json\/wp\/v2\/pages\/96\/revisions"}],"predecessor-version":[{"id":121,"href":"https:\/\/eduok.pl\/index.php\/wp-json\/wp\/v2\/pages\/96\/revisions\/121"}],"wp:attachment":[{"href":"https:\/\/eduok.pl\/index.php\/wp-json\/wp\/v2\/media?parent=96"}],"curies":[{"name":"wp","href":"https:\/\/api.w.org\/{rel}","templated":true}]}}